{"id":662,"date":"2023-06-19T14:21:08","date_gmt":"2023-06-19T19:21:08","guid":{"rendered":"http:\/\/167.86.127.34\/insepetNewPage\/?page_id=662"},"modified":"2023-06-19T14:54:30","modified_gmt":"2023-06-19T19:54:30","slug":"cargadores-electricos","status":"publish","type":"page","link":"http:\/\/167.86.127.34\/insepetNewPage\/index.php\/servicios\/cargadores-electricos\/","title":{"rendered":"Cargadores El\u00e9ctricos"},"content":{"rendered":"\t\t<div data-elementor-type=\"wp-page\" data-elementor-id=\"662\" class=\"elementor elementor-662\">\n\t\t\t\t\t\t<div class=\"elementor-inner\">\n\t\t\t\t<div class=\"elementor-section-wrap\">\n\t\t\t\t\t\t\t\t\t<section data-particle_enable=\"false\" data-particle-mobile-disabled=\"false\" class=\"elementor-section elementor-top-section elementor-element elementor-element-ba094f9 elementor-section-content-middle elementor-reverse-tablet elementor-reverse-mobile elementor-section-boxed elementor-section-height-default elementor-section-height-default\" data-id=\"ba094f9\" data-element_type=\"section\">\n\t\t\t\t\t\t<div class=\"elementor-container elementor-column-gap-no\">\n\t\t\t\t\t\t\t<div class=\"elementor-row\">\n\t\t\t\t\t<div class=\"aux-parallax-section elementor-column elementor-col-50 elementor-top-column elementor-element elementor-element-93bb801\" data-id=\"93bb801\" data-element_type=\"column\">\n\t\t\t<div class=\"elementor-column-wrap elementor-element-populated\">\n\t\t\t\t\t\t\t<div class=\"elementor-widget-wrap\">\n\t\t\t\t\t\t<div class=\"elementor-element elementor-element-9ec0ad6 aux-appear-watch-animation aux-fade-in-left-1 elementor-widget elementor-widget-aux_image\" data-id=\"9ec0ad6\" data-element_type=\"widget\" data-widget_type=\"aux_image.default\">\n\t\t\t\t<div class=\"elementor-widget-container\">\n\t\t\t<section class=\"widget-container aux-widget-image aux-alignnone aux-parent-aubef450cf\">\n    <div class=\"aux-media-hint-frame \">\n        <div class=\"aux-media-image \" >\n        \n            \n\n            \n            <img loading=\"lazy\" decoding=\"async\" width=\"500\" height=\"500\" src=\"http:\/\/167.86.127.34\/insepetNewPage\/wp-content\/uploads\/2023\/06\/evms-500x500.jpg\" class=\"aux-attachment aux-featured-image aux-attachment-id-674\" alt=\"evms\" srcset=\"http:\/\/167.86.127.34\/insepetNewPage\/wp-content\/uploads\/2023\/06\/evms-150x150.jpg 150w,http:\/\/167.86.127.34\/insepetNewPage\/wp-content\/uploads\/2023\/06\/evms-300x300.jpg 300w,http:\/\/167.86.127.34\/insepetNewPage\/wp-content\/uploads\/2023\/06\/evms-768x768.jpg 768w,http:\/\/167.86.127.34\/insepetNewPage\/wp-content\/uploads\/2023\/06\/evms-1024x1024.jpg 1024w,http:\/\/167.86.127.34\/insepetNewPage\/wp-content\/uploads\/2023\/06\/evms-500x500.jpg 500w\" data-ratio=\"1\" data-original-w=\"2000\" sizes=\"auto, (max-width:479px) 480px,(max-width:767px) 768px,(max-width:1023px) 1024px,500px\" \/>            \n                <\/div>\n    <\/div>\n\n<\/section><!-- widget-container -->\t\t<\/div>\n\t\t\t\t<\/div>\n\t\t\t\t\t\t<\/div>\n\t\t\t\t\t<\/div>\n\t\t<\/div>\n\t\t\t\t<div class=\"aux-parallax-section elementor-column elementor-col-50 elementor-top-column elementor-element elementor-element-92c6173\" data-id=\"92c6173\" data-element_type=\"column\">\n\t\t\t<div class=\"elementor-column-wrap elementor-element-populated\">\n\t\t\t\t\t\t\t<div class=\"elementor-widget-wrap\">\n\t\t\t\t\t\t<div class=\"elementor-element elementor-element-ead5a9c elementor-widget__width-auto elementor-widget elementor-widget-aux_simple_svg\" data-id=\"ead5a9c\" data-element_type=\"widget\" data-widget_type=\"aux_simple_svg.default\">\n\t\t\t\t<div class=\"elementor-widget-container\">\n\t\t\t    <div class=\"aux-widget-container aux-simple-svg-container\">\n        <div class=\"aux-widget-container-inner\">\n            <div class=\"aux-the-svg\"><img decoding=\"async\" src=\"http:\/\/167.86.127.34\/insepetNewPage\/wp-content\/uploads\/2020\/05\/Subtraction-4.svg\" title=\"demo-attachment-228-Subtraction-4\" alt=\"demo-attachment-228-Subtraction-4\" loading=\"lazy\" \/><\/div>\n        <\/div>\n    <\/div>\n    \t\t<\/div>\n\t\t\t\t<\/div>\n\t\t\t\t<div class=\"elementor-element elementor-element-03b5aef aux-appear-watch-animation aux-fade-in-up elementor-widget elementor-widget-aux_modern_heading\" data-id=\"03b5aef\" data-element_type=\"widget\" data-widget_type=\"aux_modern_heading.default\">\n\t\t\t\t<div class=\"elementor-widget-container\">\n\t\t\t<section class=\"aux-widget-modern-heading\">\n            <div class=\"aux-widget-inner\"><h2 class=\"aux-modern-heading-primary\">Cargardores el\u00e9ctricos<\/h2><h3 class=\"aux-modern-heading-secondary\"><span class=\"aux-head-before\">Sicom EVMS Css Charger 60kw<\/span><\/h3><div class=\"aux-modern-heading-divider\"><\/div><div class=\"aux-modern-heading-description\"><p>El EVMS-60 es una estaci\u00f3n de carga r\u00e1pida capaz de cargar todos los veh\u00edculos actuales y de pr\u00f3xima generaci\u00f3n con CCS, CHAdeMO y AC Tipo 2.<\/p><p>La estaci\u00f3n de carga EVMS-60 es una estaci\u00f3n de carga r\u00e1pida configurable de salida simple, doble o triple (predeterminada) de 60 kW, que satisface las necesidades de carga de cada cliente.<\/p><\/div><\/div>\n        <\/section>\t\t<\/div>\n\t\t\t\t<\/div>\n\t\t\t\t<div class=\"elementor-element elementor-element-4249dd5 elementor-widget elementor-widget-spacer\" data-id=\"4249dd5\" data-element_type=\"widget\" data-widget_type=\"spacer.default\">\n\t\t\t\t<div class=\"elementor-widget-container\">\n\t\t\t\t\t<div class=\"elementor-spacer\">\n\t\t\t<div class=\"elementor-spacer-inner\"><\/div>\n\t\t<\/div>\n\t\t\t\t<\/div>\n\t\t\t\t<\/div>\n\t\t\t\t<section data-particle_enable=\"false\" data-particle-mobile-disabled=\"false\" class=\"elementor-section elementor-inner-section elementor-element elementor-element-0aa5726 elementor-section-boxed elementor-section-height-default elementor-section-height-default\" data-id=\"0aa5726\" data-element_type=\"section\">\n\t\t\t\t\t\t<div class=\"elementor-container elementor-column-gap-no\">\n\t\t\t\t\t\t\t<div class=\"elementor-row\">\n\t\t\t\t\t<div class=\"aux-parallax-section elementor-column elementor-col-50 elementor-inner-column elementor-element elementor-element-82c1b7f\" data-id=\"82c1b7f\" data-element_type=\"column\">\n\t\t\t<div class=\"elementor-column-wrap elementor-element-populated\">\n\t\t\t\t\t\t\t<div class=\"elementor-widget-wrap\">\n\t\t\t\t\t\t<div class=\"elementor-element elementor-element-cda6088 aux-appear-watch-animation aux-fade-in-left-1 elementor-widget elementor-widget-aux_text\" data-id=\"cda6088\" data-element_type=\"widget\" data-widget_type=\"aux_text.default\">\n\t\t\t\t<div class=\"elementor-widget-container\">\n\t\t\t<section class=\"widget-container aux-widget-text aux-parent-au1347ad98\">        <div class=\"aux-widget-advanced-text aux-wrap-style-simple aux-ico-pos-left aux-text-left aux-text-resp- aux-text-color-dark aux-text-widget-bg-center  \" >\n        \n                            <div class=\"aux-text-widget-header \"  >\n                        <div class=\"aux-ico-box aux-ico-large aux-ico-clear \">\n                                                                <svg xmlns=\"http:\/\/www.w3.org\/2000\/svg\" viewBox=\"0 0 115.206 108.926\">\r\n  \r\n    <path d=\"M83.918,33.556a19.367,19.367,0,0,1,0,27.391L60.473,84.43,37.009,60.984a19.386,19.386,0,0,1,0-27.391h0a11.381,11.381,0,0,1,16.009,0l7.455,7.436,7.436-7.474a11.381,11.381,0,0,1,16.009,0Z\" fill=\"#01d28e\" \/>\r\n    \r\n    \r\n    <path d=\"M17.665,34.56l4.7,9.484a7.455,7.455,0,0,1-2.011,9.067h0a7.587,7.587,0,0,0,.133,11.723l4.439,3.794\" fill=\"none\" \/>\r\n    \r\n    <path d=\"M13.889,13.167a5.368,5.368,0,0,0,0-10.717H8.54V13.167Z\" fill=\"none\" \/>\r\n    <path d=\"M25.827,13.167a5.368,5.368,0,0,1,0-10.717h5.349V13.167Z\" fill=\"none\" \/>\r\n    <path d=\"M9.1,19.179H2.37v.588A29,29,0,0,0,31.3,48.694h0A29.022,29.022,0,0,0,60.243,19.767V18.8H53.49A22.288,22.288,0,0,1,31.316,41.107h0A21.985,21.985,0,0,1,9.1,19.179\" fill=\"none\" \/>\r\n    <path d=\"M32.84,50.03h9.9L48.7,38.44l8.062,20.922,4.685-9.333h8.991l4.894-9.219,4.533,9.219H85.44\" fill=\"none\" \/>\r\n    <path d=\"M83.918,33.556a19.367,19.367,0,0,1,0,27.391L60.473,84.43,37.009,60.984a19.386,19.386,0,0,1,0-27.391h0a11.381,11.381,0,0,1,16.009,0l7.455,7.436,7.436-7.474a11.381,11.381,0,0,1,16.009,0Z\" fill=\"none\" \/>\r\n    <path d=\"M4.085,31.3V14.233a8.536,8.536,0,0,1,8.46-8.953\" fill=\"none\" \/>\r\n    <path d=\"M35.251,30.934V14.242A8.991,8.991,0,0,0,26.26,5.27h0\" fill=\"none\" \/>\r\n  \r\n<\/svg>\r\n                                                    <\/div>\n                <\/div>\n            \n            <div class=\"aux-text-inner aux-text-widget-content\">\n                                <h4 class=\"col-title\">Configuraci\u00f3n T\u00edpica<\/h4>\n                                <div class=\"widget-content\">\n                                        <ul>\n<li>60kW CCS 2, CHAdeMO, 22kW AC TIPO 2.<\/li>\n<li>60kW CCS 2, CHAdeMO, 43kW AC TIPO 2.<\/li>\n<\/ul>                <\/div>\n                            <\/div>\n        <\/div>\n                    <div class=\"aux-text-widget-footer\">\n                <div class=\"aux-border-shape-none \">\n                                <\/div>\n            <\/div>\n        \n<\/section><!-- widget-container -->\t\t<\/div>\n\t\t\t\t<\/div>\n\t\t\t\t\t\t<\/div>\n\t\t\t\t\t<\/div>\n\t\t<\/div>\n\t\t\t\t<div class=\"aux-parallax-section elementor-column elementor-col-50 elementor-inner-column elementor-element elementor-element-a6334bd\" data-id=\"a6334bd\" data-element_type=\"column\">\n\t\t\t<div class=\"elementor-column-wrap elementor-element-populated\">\n\t\t\t\t\t\t\t<div class=\"elementor-widget-wrap\">\n\t\t\t\t\t\t<div class=\"elementor-element elementor-element-dd136b6 aux-appear-watch-animation aux-fade-in-left-1 elementor-widget elementor-widget-aux_text\" data-id=\"dd136b6\" data-element_type=\"widget\" data-widget_type=\"aux_text.default\">\n\t\t\t\t<div class=\"elementor-widget-container\">\n\t\t\t<section class=\"widget-container aux-widget-text aux-parent-aud3997765\">        <div class=\"aux-widget-advanced-text aux-wrap-style-simple aux-ico-pos-left aux-text-left aux-text-resp- aux-text-color-dark aux-text-widget-bg-center  \" >\n        \n                            <div class=\"aux-text-widget-header \"  >\n                        <div class=\"aux-ico-box aux-ico-large aux-ico-clear \">\n                                                                <svg xmlns=\"http:\/\/www.w3.org\/2000\/svg\" viewBox=\"0 0 104.344 111.836\">\r\n  \r\n    <path d=\"M14.94,47.58v8.347H31.309V47.58\" fill=\"#01d28e\" \/>\r\n    <path d=\"M20.2,0H32.087A20.217,20.217,0,0,1,52.3,20.217V47.729H0V20.217A20.217,20.217,0,0,1,20.2,0Z\" fill=\"#01d28e\" \/>\r\n    \r\n    \r\n    \r\n    \r\n    <path d=\"M31.309,13.633V5.19H14.94v8.443\" fill=\"none\" \/>\r\n    <path d=\"M19.22,89.792c0,7.237,7.869,13.708,15.106,13.708H49.048a13.1,13.1,0,0,0,13.1-13.1V23.646a13.1,13.1,0,0,1,13.1-13.1h0a12.98,12.98,0,0,1,13.1,12.464V64.808\" fill=\"none\" \/>\r\n    <path d=\"M14.94,47.53v8.443H31.309V47.53\" fill=\"none\" \/>\r\n    \r\n    <path d=\"M58.631,53.115h0A6.931,6.931,0,0,1,51.7,46.184V38.89H65.676l-.1,7.294a6.931,6.931,0,0,1-6.95,6.931Z\" fill=\"#01d28e\" \/>\r\n    \r\n  \r\n<\/svg>\r\n                                                    <\/div>\n                <\/div>\n            \n            <div class=\"aux-text-inner aux-text-widget-content\">\n                                <h4 class=\"col-title\">Configuraci\u00f3n Europea<\/h4>\n                                <div class=\"widget-content\">\n                                        <ul>\n<li>60kW Dual CCS 2, 22kW AC TIPO 2.<\/li>\n<li>60kW Dual CCS 2.<\/li>\n<li>60kW CCS 2, CHAdeMO.<\/li>\n<\/ul>                <\/div>\n                            <\/div>\n        <\/div>\n                    <div class=\"aux-text-widget-footer\">\n                <div class=\"aux-border-shape-none \">\n                                <\/div>\n            <\/div>\n        \n<\/section><!-- widget-container -->\t\t<\/div>\n\t\t\t\t<\/div>\n\t\t\t\t\t\t<\/div>\n\t\t\t\t\t<\/div>\n\t\t<\/div>\n\t\t\t\t\t\t\t\t<\/div>\n\t\t\t\t\t<\/div>\n\t\t<\/section>\n\t\t\t\t\t\t<\/div>\n\t\t\t\t\t<\/div>\n\t\t<\/div>\n\t\t\t\t\t\t\t\t<\/div>\n\t\t\t\t\t<\/div>\n\t\t<\/section>\n\t\t\t\t<section data-particle_enable=\"false\" data-particle-mobile-disabled=\"false\" class=\"elementor-section elementor-top-section elementor-element elementor-element-dfe2d88 elementor-section-content-middle elementor-reverse-tablet elementor-reverse-mobile elementor-section-boxed elementor-section-height-default elementor-section-height-default\" data-id=\"dfe2d88\" data-element_type=\"section\">\n\t\t\t\t\t\t<div class=\"elementor-container elementor-column-gap-no\">\n\t\t\t\t\t\t\t<div class=\"elementor-row\">\n\t\t\t\t\t<div class=\"aux-parallax-section elementor-column elementor-col-50 elementor-top-column elementor-element elementor-element-f4802ff\" data-id=\"f4802ff\" data-element_type=\"column\">\n\t\t\t<div class=\"elementor-column-wrap elementor-element-populated\">\n\t\t\t\t\t\t\t<div class=\"elementor-widget-wrap\">\n\t\t\t\t\t\t<div class=\"elementor-element elementor-element-cb79ad4 elementor-widget__width-auto elementor-widget elementor-widget-aux_simple_svg\" data-id=\"cb79ad4\" data-element_type=\"widget\" data-widget_type=\"aux_simple_svg.default\">\n\t\t\t\t<div class=\"elementor-widget-container\">\n\t\t\t    <div class=\"aux-widget-container aux-simple-svg-container\">\n        <div class=\"aux-widget-container-inner\">\n            <div class=\"aux-the-svg\"><img decoding=\"async\" src=\"http:\/\/167.86.127.34\/insepetNewPage\/wp-content\/uploads\/2020\/05\/Subtraction-4.svg\" title=\"demo-attachment-228-Subtraction-4\" alt=\"demo-attachment-228-Subtraction-4\" loading=\"lazy\" \/><\/div>\n        <\/div>\n    <\/div>\n    \t\t<\/div>\n\t\t\t\t<\/div>\n\t\t\t\t<div class=\"elementor-element elementor-element-bcb5df0 aux-appear-watch-animation aux-fade-in-up elementor-widget elementor-widget-aux_modern_heading\" data-id=\"bcb5df0\" data-element_type=\"widget\" data-widget_type=\"aux_modern_heading.default\">\n\t\t\t\t<div class=\"elementor-widget-container\">\n\t\t\t<section class=\"aux-widget-modern-heading\">\n            <div class=\"aux-widget-inner\"><h2 class=\"aux-modern-heading-primary\">Cargardores el\u00e9ctricos<\/h2><h3 class=\"aux-modern-heading-secondary\"><span class=\"aux-head-before\">Cargador Modelo Inselect<\/span><\/h3><div class=\"aux-modern-heading-divider\"><\/div><div class=\"aux-modern-heading-description\"><p>Lorem ipsum dolor sit amet, consectetur adipiscing elit. Vestibulum non turpis in erat aliquet iaculis. Sed facilisis, turpis vitae eleifend sodales, quam orci dapibus elit, eget dignissim felis purus eu nulla.<\/p><p>Lorem ipsum dolor sit amet, consectetur adipiscing elit. Vestibulum non turpis in erat aliquet iaculis. Sed facilisis, turpis vitae eleifend sodales, quam orci dapibus elit, eget dignissim felis purus eu nulla.<\/p><\/div><\/div>\n        <\/section>\t\t<\/div>\n\t\t\t\t<\/div>\n\t\t\t\t<div class=\"elementor-element elementor-element-c3df0f6 elementor-widget elementor-widget-spacer\" data-id=\"c3df0f6\" data-element_type=\"widget\" data-widget_type=\"spacer.default\">\n\t\t\t\t<div class=\"elementor-widget-container\">\n\t\t\t\t\t<div class=\"elementor-spacer\">\n\t\t\t<div class=\"elementor-spacer-inner\"><\/div>\n\t\t<\/div>\n\t\t\t\t<\/div>\n\t\t\t\t<\/div>\n\t\t\t\t<section data-particle_enable=\"false\" data-particle-mobile-disabled=\"false\" class=\"elementor-section elementor-inner-section elementor-element elementor-element-55b8f05 elementor-section-boxed elementor-section-height-default elementor-section-height-default\" data-id=\"55b8f05\" data-element_type=\"section\">\n\t\t\t\t\t\t<div class=\"elementor-container elementor-column-gap-no\">\n\t\t\t\t\t\t\t<div class=\"elementor-row\">\n\t\t\t\t\t<div class=\"aux-parallax-section elementor-column elementor-col-50 elementor-inner-column elementor-element elementor-element-533ef58\" data-id=\"533ef58\" data-element_type=\"column\">\n\t\t\t<div class=\"elementor-column-wrap elementor-element-populated\">\n\t\t\t\t\t\t\t<div class=\"elementor-widget-wrap\">\n\t\t\t\t\t\t<div class=\"elementor-element elementor-element-1687a42 aux-appear-watch-animation aux-fade-in-left-1 elementor-widget elementor-widget-aux_text\" data-id=\"1687a42\" data-element_type=\"widget\" data-widget_type=\"aux_text.default\">\n\t\t\t\t<div class=\"elementor-widget-container\">\n\t\t\t<section class=\"widget-container aux-widget-text aux-parent-aucbc4d426\">        <div class=\"aux-widget-advanced-text aux-wrap-style-simple aux-ico-pos-left aux-text-left aux-text-resp- aux-text-color-dark aux-text-widget-bg-center  \" >\n        \n                            <div class=\"aux-text-widget-header \"  >\n                        <div class=\"aux-ico-box aux-ico-large aux-ico-clear \">\n                                                                <svg xmlns=\"http:\/\/www.w3.org\/2000\/svg\" viewBox=\"0 0 115.206 108.926\">\r\n  \r\n    <path d=\"M83.918,33.556a19.367,19.367,0,0,1,0,27.391L60.473,84.43,37.009,60.984a19.386,19.386,0,0,1,0-27.391h0a11.381,11.381,0,0,1,16.009,0l7.455,7.436,7.436-7.474a11.381,11.381,0,0,1,16.009,0Z\" fill=\"#01d28e\" \/>\r\n    \r\n    \r\n    <path d=\"M17.665,34.56l4.7,9.484a7.455,7.455,0,0,1-2.011,9.067h0a7.587,7.587,0,0,0,.133,11.723l4.439,3.794\" fill=\"none\" \/>\r\n    \r\n    <path d=\"M13.889,13.167a5.368,5.368,0,0,0,0-10.717H8.54V13.167Z\" fill=\"none\" \/>\r\n    <path d=\"M25.827,13.167a5.368,5.368,0,0,1,0-10.717h5.349V13.167Z\" fill=\"none\" \/>\r\n    <path d=\"M9.1,19.179H2.37v.588A29,29,0,0,0,31.3,48.694h0A29.022,29.022,0,0,0,60.243,19.767V18.8H53.49A22.288,22.288,0,0,1,31.316,41.107h0A21.985,21.985,0,0,1,9.1,19.179\" fill=\"none\" \/>\r\n    <path d=\"M32.84,50.03h9.9L48.7,38.44l8.062,20.922,4.685-9.333h8.991l4.894-9.219,4.533,9.219H85.44\" fill=\"none\" \/>\r\n    <path d=\"M83.918,33.556a19.367,19.367,0,0,1,0,27.391L60.473,84.43,37.009,60.984a19.386,19.386,0,0,1,0-27.391h0a11.381,11.381,0,0,1,16.009,0l7.455,7.436,7.436-7.474a11.381,11.381,0,0,1,16.009,0Z\" fill=\"none\" \/>\r\n    <path d=\"M4.085,31.3V14.233a8.536,8.536,0,0,1,8.46-8.953\" fill=\"none\" \/>\r\n    <path d=\"M35.251,30.934V14.242A8.991,8.991,0,0,0,26.26,5.27h0\" fill=\"none\" \/>\r\n  \r\n<\/svg>\r\n                                                    <\/div>\n                <\/div>\n            \n            <div class=\"aux-text-inner aux-text-widget-content\">\n                                <h4 class=\"col-title\">Configuraci\u00f3n T\u00edpica<\/h4>\n                                <div class=\"widget-content\">\n                                        <ul>\n<li>60kW CCS 2, CHAdeMO, 22kW AC TIPO 2.<\/li>\n<li>60kW CCS 2, CHAdeMO, 43kW AC TIPO 2.<\/li>\n<\/ul>                <\/div>\n                            <\/div>\n        <\/div>\n                    <div class=\"aux-text-widget-footer\">\n                <div class=\"aux-border-shape-none \">\n                                <\/div>\n            <\/div>\n        \n<\/section><!-- widget-container -->\t\t<\/div>\n\t\t\t\t<\/div>\n\t\t\t\t\t\t<\/div>\n\t\t\t\t\t<\/div>\n\t\t<\/div>\n\t\t\t\t<div class=\"aux-parallax-section elementor-column elementor-col-50 elementor-inner-column elementor-element elementor-element-57f1f82\" data-id=\"57f1f82\" data-element_type=\"column\">\n\t\t\t<div class=\"elementor-column-wrap elementor-element-populated\">\n\t\t\t\t\t\t\t<div class=\"elementor-widget-wrap\">\n\t\t\t\t\t\t<div class=\"elementor-element elementor-element-23e880c aux-appear-watch-animation aux-fade-in-left-1 elementor-widget elementor-widget-aux_text\" data-id=\"23e880c\" data-element_type=\"widget\" data-widget_type=\"aux_text.default\">\n\t\t\t\t<div class=\"elementor-widget-container\">\n\t\t\t<section class=\"widget-container aux-widget-text aux-parent-aubbdfcd7c\">        <div class=\"aux-widget-advanced-text aux-wrap-style-simple aux-ico-pos-left aux-text-left aux-text-resp- aux-text-color-dark aux-text-widget-bg-center  \" >\n        \n                            <div class=\"aux-text-widget-header \"  >\n                        <div class=\"aux-ico-box aux-ico-large aux-ico-clear \">\n                                                                <svg xmlns=\"http:\/\/www.w3.org\/2000\/svg\" viewBox=\"0 0 104.344 111.836\">\r\n  \r\n    <path d=\"M14.94,47.58v8.347H31.309V47.58\" fill=\"#01d28e\" \/>\r\n    <path d=\"M20.2,0H32.087A20.217,20.217,0,0,1,52.3,20.217V47.729H0V20.217A20.217,20.217,0,0,1,20.2,0Z\" fill=\"#01d28e\" \/>\r\n    \r\n    \r\n    \r\n    \r\n    <path d=\"M31.309,13.633V5.19H14.94v8.443\" fill=\"none\" \/>\r\n    <path d=\"M19.22,89.792c0,7.237,7.869,13.708,15.106,13.708H49.048a13.1,13.1,0,0,0,13.1-13.1V23.646a13.1,13.1,0,0,1,13.1-13.1h0a12.98,12.98,0,0,1,13.1,12.464V64.808\" fill=\"none\" \/>\r\n    <path d=\"M14.94,47.53v8.443H31.309V47.53\" fill=\"none\" \/>\r\n    \r\n    <path d=\"M58.631,53.115h0A6.931,6.931,0,0,1,51.7,46.184V38.89H65.676l-.1,7.294a6.931,6.931,0,0,1-6.95,6.931Z\" fill=\"#01d28e\" \/>\r\n    \r\n  \r\n<\/svg>\r\n                                                    <\/div>\n                <\/div>\n            \n            <div class=\"aux-text-inner aux-text-widget-content\">\n                                <h4 class=\"col-title\">Configuraci\u00f3n Europea<\/h4>\n                                <div class=\"widget-content\">\n                                        <ul>\n<li>60kW Dual CCS 2, 22kW AC TIPO 2.<\/li>\n<li>60kW Dual CCS 2.<\/li>\n<li>60kW CCS 2, CHAdeMO.<\/li>\n<\/ul>                <\/div>\n                            <\/div>\n        <\/div>\n                    <div class=\"aux-text-widget-footer\">\n                <div class=\"aux-border-shape-none \">\n                                <\/div>\n            <\/div>\n        \n<\/section><!-- widget-container -->\t\t<\/div>\n\t\t\t\t<\/div>\n\t\t\t\t\t\t<\/div>\n\t\t\t\t\t<\/div>\n\t\t<\/div>\n\t\t\t\t\t\t\t\t<\/div>\n\t\t\t\t\t<\/div>\n\t\t<\/section>\n\t\t\t\t\t\t<\/div>\n\t\t\t\t\t<\/div>\n\t\t<\/div>\n\t\t\t\t<div class=\"aux-parallax-section elementor-column elementor-col-50 elementor-top-column elementor-element elementor-element-953036f\" data-id=\"953036f\" data-element_type=\"column\">\n\t\t\t<div class=\"elementor-column-wrap elementor-element-populated\">\n\t\t\t\t\t\t\t<div class=\"elementor-widget-wrap\">\n\t\t\t\t\t\t<div class=\"elementor-element elementor-element-98276ba aux-appear-watch-animation aux-fade-in-left-1 elementor-widget elementor-widget-aux_image\" data-id=\"98276ba\" data-element_type=\"widget\" data-widget_type=\"aux_image.default\">\n\t\t\t\t<div class=\"elementor-widget-container\">\n\t\t\t<section class=\"widget-container aux-widget-image aux-alignnone aux-parent-au72ece94a\">\n    <div class=\"aux-media-hint-frame \">\n        <div class=\"aux-media-image \" >\n        \n            \n\n            \n            <img loading=\"lazy\" decoding=\"async\" width=\"500\" height=\"500\" src=\"http:\/\/167.86.127.34\/insepetNewPage\/wp-content\/uploads\/2023\/06\/Imagen-web-Procuctos2-500x500.jpg\" class=\"aux-attachment aux-featured-image aux-attachment-id-681\" alt=\"Imagen-web-Procuctos2\" srcset=\"http:\/\/167.86.127.34\/insepetNewPage\/wp-content\/uploads\/2023\/06\/Imagen-web-Procuctos2-150x150.jpg 150w,http:\/\/167.86.127.34\/insepetNewPage\/wp-content\/uploads\/2023\/06\/Imagen-web-Procuctos2-300x300.jpg 300w,http:\/\/167.86.127.34\/insepetNewPage\/wp-content\/uploads\/2023\/06\/Imagen-web-Procuctos2-768x768.jpg 768w,http:\/\/167.86.127.34\/insepetNewPage\/wp-content\/uploads\/2023\/06\/Imagen-web-Procuctos2-1024x1024.jpg 1024w,http:\/\/167.86.127.34\/insepetNewPage\/wp-content\/uploads\/2023\/06\/Imagen-web-Procuctos2-500x500.jpg 500w\" data-ratio=\"1\" data-original-w=\"2000\" sizes=\"auto, (max-width:479px) 480px,(max-width:767px) 768px,(max-width:1023px) 1024px,500px\" \/>            \n                <\/div>\n    <\/div>\n\n<\/section><!-- widget-container -->\t\t<\/div>\n\t\t\t\t<\/div>\n\t\t\t\t\t\t<\/div>\n\t\t\t\t\t<\/div>\n\t\t<\/div>\n\t\t\t\t\t\t\t\t<\/div>\n\t\t\t\t\t<\/div>\n\t\t<\/section>\n\t\t\t\t\t\t\t\t\t<\/div>\n\t\t\t<\/div>\n\t\t\t\t\t<\/div>\n\t\t","protected":false},"excerpt":{"rendered":"<p>Cargardores el\u00e9ctricos Sicom EVMS Css Charger 60kw El EVMS-60 es una estaci\u00f3n de carga r\u00e1pida capaz de cargar todos los veh\u00edculos actuales y de pr\u00f3xima generaci\u00f3n con CCS, CHAdeMO y AC Tipo 2. La estaci\u00f3n de carga EVMS-60 es una estaci\u00f3n de carga r\u00e1pida configurable de salida simple, doble o triple (predeterminada) de 60 kW, [&hellip;]<\/p>\n","protected":false},"author":1,"featured_media":0,"parent":277,"menu_order":0,"comment_status":"closed","ping_status":"closed","template":"templates\/page-builder-content.php","meta":{"footnotes":""},"class_list":["post-662","page","type-page","status-publish","hentry"],"_links":{"self":[{"href":"http:\/\/167.86.127.34\/insepetNewPage\/index.php\/wp-json\/wp\/v2\/pages\/662","targetHints":{"allow":["GET"]}}],"collection":[{"href":"http:\/\/167.86.127.34\/insepetNewPage\/index.php\/wp-json\/wp\/v2\/pages"}],"about":[{"href":"http:\/\/167.86.127.34\/insepetNewPage\/index.php\/wp-json\/wp\/v2\/types\/page"}],"author":[{"embeddable":true,"href":"http:\/\/167.86.127.34\/insepetNewPage\/index.php\/wp-json\/wp\/v2\/users\/1"}],"replies":[{"embeddable":true,"href":"http:\/\/167.86.127.34\/insepetNewPage\/index.php\/wp-json\/wp\/v2\/comments?post=662"}],"version-history":[{"count":11,"href":"http:\/\/167.86.127.34\/insepetNewPage\/index.php\/wp-json\/wp\/v2\/pages\/662\/revisions"}],"predecessor-version":[{"id":687,"href":"http:\/\/167.86.127.34\/insepetNewPage\/index.php\/wp-json\/wp\/v2\/pages\/662\/revisions\/687"}],"up":[{"embeddable":true,"href":"http:\/\/167.86.127.34\/insepetNewPage\/index.php\/wp-json\/wp\/v2\/pages\/277"}],"wp:attachment":[{"href":"http:\/\/167.86.127.34\/insepetNewPage\/index.php\/wp-json\/wp\/v2\/media?parent=662"}],"curies":[{"name":"wp","href":"https:\/\/api.w.org\/{rel}","templated":true}]}}