{"id":685,"date":"2023-06-19T14:54:13","date_gmt":"2023-06-19T19:54:13","guid":{"rendered":"http:\/\/167.86.127.34\/insepetNewPage\/?page_id=685"},"modified":"2023-06-19T15:44:48","modified_gmt":"2023-06-19T20:44:48","slug":"aforo-volumetrico","status":"publish","type":"page","link":"http:\/\/167.86.127.34\/insepetNewPage\/index.php\/servicios\/aforo-volumetrico\/","title":{"rendered":"Aforo Volum\u00e9trico"},"content":{"rendered":"\t\t<div data-elementor-type=\"wp-page\" data-elementor-id=\"685\" class=\"elementor elementor-685\">\n\t\t\t\t\t\t<div class=\"elementor-inner\">\n\t\t\t\t<div class=\"elementor-section-wrap\">\n\t\t\t\t\t\t\t\t\t<section data-particle_enable=\"false\" data-particle-mobile-disabled=\"false\" class=\"elementor-section elementor-top-section elementor-element elementor-element-ba094f9 elementor-section-content-middle elementor-reverse-tablet elementor-reverse-mobile elementor-section-boxed elementor-section-height-default elementor-section-height-default\" data-id=\"ba094f9\" data-element_type=\"section\">\n\t\t\t\t\t\t<div class=\"elementor-container elementor-column-gap-no\">\n\t\t\t\t\t\t\t<div class=\"elementor-row\">\n\t\t\t\t\t<div class=\"aux-parallax-section elementor-column elementor-col-50 elementor-top-column elementor-element elementor-element-93bb801\" data-id=\"93bb801\" data-element_type=\"column\">\n\t\t\t<div class=\"elementor-column-wrap elementor-element-populated\">\n\t\t\t\t\t\t\t<div class=\"elementor-widget-wrap\">\n\t\t\t\t\t\t<div class=\"elementor-element elementor-element-9ec0ad6 aux-appear-watch-animation aux-fade-in-left-1 elementor-widget elementor-widget-aux_image\" data-id=\"9ec0ad6\" data-element_type=\"widget\" data-widget_type=\"aux_image.default\">\n\t\t\t\t<div class=\"elementor-widget-container\">\n\t\t\t<section class=\"widget-container aux-widget-image aux-alignnone aux-parent-auad98cb5a\">\n    <div class=\"aux-media-hint-frame \">\n        <div class=\"aux-media-image \" >\n        \n            \n\n            \n            <img loading=\"lazy\" decoding=\"async\" width=\"500\" height=\"500\" src=\"http:\/\/167.86.127.34\/insepetNewPage\/wp-content\/uploads\/2023\/06\/Aforo-500x500.jpg\" class=\"aux-attachment aux-featured-image aux-attachment-id-688\" alt=\"Aforo\" srcset=\"http:\/\/167.86.127.34\/insepetNewPage\/wp-content\/uploads\/2023\/06\/Aforo-150x150.jpg 150w,http:\/\/167.86.127.34\/insepetNewPage\/wp-content\/uploads\/2023\/06\/Aforo-300x300.jpg 300w,http:\/\/167.86.127.34\/insepetNewPage\/wp-content\/uploads\/2023\/06\/Aforo-768x768.jpg 768w,http:\/\/167.86.127.34\/insepetNewPage\/wp-content\/uploads\/2023\/06\/Aforo-1024x1024.jpg 1024w,http:\/\/167.86.127.34\/insepetNewPage\/wp-content\/uploads\/2023\/06\/Aforo-500x500.jpg 500w\" data-ratio=\"1\" data-original-w=\"2000\" sizes=\"auto, (max-width:479px) 480px,(max-width:767px) 768px,(max-width:1023px) 1024px,500px\" \/>            \n                <\/div>\n    <\/div>\n\n<\/section><!-- widget-container -->\t\t<\/div>\n\t\t\t\t<\/div>\n\t\t\t\t\t\t<\/div>\n\t\t\t\t\t<\/div>\n\t\t<\/div>\n\t\t\t\t<div class=\"aux-parallax-section elementor-column elementor-col-50 elementor-top-column elementor-element elementor-element-92c6173\" data-id=\"92c6173\" data-element_type=\"column\">\n\t\t\t<div class=\"elementor-column-wrap elementor-element-populated\">\n\t\t\t\t\t\t\t<div class=\"elementor-widget-wrap\">\n\t\t\t\t\t\t<div class=\"elementor-element elementor-element-ead5a9c elementor-widget__width-auto elementor-widget elementor-widget-aux_simple_svg\" data-id=\"ead5a9c\" data-element_type=\"widget\" data-widget_type=\"aux_simple_svg.default\">\n\t\t\t\t<div class=\"elementor-widget-container\">\n\t\t\t    <div class=\"aux-widget-container aux-simple-svg-container\">\n        <div class=\"aux-widget-container-inner\">\n            <div class=\"aux-the-svg\"><img decoding=\"async\" src=\"http:\/\/167.86.127.34\/insepetNewPage\/wp-content\/uploads\/2020\/05\/Subtraction-4.svg\" title=\"demo-attachment-228-Subtraction-4\" alt=\"demo-attachment-228-Subtraction-4\" loading=\"lazy\" \/><\/div>\n        <\/div>\n    <\/div>\n    \t\t<\/div>\n\t\t\t\t<\/div>\n\t\t\t\t<div class=\"elementor-element elementor-element-03b5aef aux-appear-watch-animation aux-fade-in-up elementor-widget elementor-widget-aux_modern_heading\" data-id=\"03b5aef\" data-element_type=\"widget\" data-widget_type=\"aux_modern_heading.default\">\n\t\t\t\t<div class=\"elementor-widget-container\">\n\t\t\t<section class=\"aux-widget-modern-heading\">\n            <div class=\"aux-widget-inner\"><h2 class=\"aux-modern-heading-primary\">Aforo Volum\u00e9trico de Tanques<\/h2><h3 class=\"aux-modern-heading-secondary\"><span class=\"aux-head-before\">\u00bfPor qu\u00e9 es importante aforar un tanque?<\/span><\/h3><div class=\"aux-modern-heading-divider\"><\/div><div class=\"aux-modern-heading-description\"><p>Durante m\u00e1s de 15 a\u00f1os el Grupo Empresarial Insepet ha realizado Aforos volum\u00e9tricos exitosos a m\u00e1s de 3.000 tanques alrededor de todo el pa\u00eds, siempre guardando los m\u00e1s altos est\u00e1ndares de calidad y confiabilidad.<\/p><p>La exactitud de las dimensiones de un tanque es un factor muy importante para la determinaci\u00f3n del volumen del l\u00edquido y las imprecisiones (por insignificantes que parezcan) originan errores en la contabilizaci\u00f3n de los contenidos del tanque y, por tanto, en las transacciones comerciales, entre otros aspectos.<\/p><\/div><\/div>\n        <\/section>\t\t<\/div>\n\t\t\t\t<\/div>\n\t\t\t\t<div class=\"elementor-element elementor-element-4249dd5 elementor-widget elementor-widget-spacer\" data-id=\"4249dd5\" data-element_type=\"widget\" data-widget_type=\"spacer.default\">\n\t\t\t\t<div class=\"elementor-widget-container\">\n\t\t\t\t\t<div class=\"elementor-spacer\">\n\t\t\t<div class=\"elementor-spacer-inner\"><\/div>\n\t\t<\/div>\n\t\t\t\t<\/div>\n\t\t\t\t<\/div>\n\t\t\t\t\t\t<\/div>\n\t\t\t\t\t<\/div>\n\t\t<\/div>\n\t\t\t\t\t\t\t\t<\/div>\n\t\t\t\t\t<\/div>\n\t\t<\/section>\n\t\t\t\t<section data-particle_enable=\"false\" data-particle-mobile-disabled=\"false\" class=\"elementor-section elementor-top-section elementor-element elementor-element-dfe2d88 elementor-section-content-middle elementor-reverse-tablet elementor-reverse-mobile elementor-section-boxed elementor-section-height-default elementor-section-height-default\" data-id=\"dfe2d88\" data-element_type=\"section\">\n\t\t\t\t\t\t<div class=\"elementor-container elementor-column-gap-no\">\n\t\t\t\t\t\t\t<div class=\"elementor-row\">\n\t\t\t\t\t<div class=\"aux-parallax-section elementor-column elementor-col-50 elementor-top-column elementor-element elementor-element-f4802ff\" data-id=\"f4802ff\" data-element_type=\"column\">\n\t\t\t<div class=\"elementor-column-wrap elementor-element-populated\">\n\t\t\t\t\t\t\t<div class=\"elementor-widget-wrap\">\n\t\t\t\t\t\t<div class=\"elementor-element elementor-element-cb79ad4 elementor-widget__width-auto elementor-widget elementor-widget-aux_simple_svg\" data-id=\"cb79ad4\" data-element_type=\"widget\" data-widget_type=\"aux_simple_svg.default\">\n\t\t\t\t<div class=\"elementor-widget-container\">\n\t\t\t    <div class=\"aux-widget-container aux-simple-svg-container\">\n        <div class=\"aux-widget-container-inner\">\n            <div class=\"aux-the-svg\"><\/div>\n        <\/div>\n    <\/div>\n    \t\t<\/div>\n\t\t\t\t<\/div>\n\t\t\t\t<div class=\"elementor-element elementor-element-bcb5df0 aux-appear-watch-animation aux-fade-in-up elementor-widget elementor-widget-aux_modern_heading\" data-id=\"bcb5df0\" data-element_type=\"widget\" data-widget_type=\"aux_modern_heading.default\">\n\t\t\t\t<div class=\"elementor-widget-container\">\n\t\t\t<section class=\"aux-widget-modern-heading\">\n            <div class=\"aux-widget-inner\"><h2 class=\"aux-modern-heading-primary\">Aforo Volum\u00e9trico de Tanques<\/h2><h3 class=\"aux-modern-heading-secondary\"><span class=\"aux-head-before\">Medida exacta y confiable<\/span><\/h3><div class=\"aux-modern-heading-divider\"><\/div><div class=\"aux-modern-heading-description\"><p>El servicio de Aforo Volum\u00e9trico de INSEPET garantiza una medida confiable con la m\u00e1s alta tecnolog\u00eda y el mejor respaldo del mercado, que solo nosotros podemos ofrecer. Nuestro sistema de Aforo Volum\u00e9trico cuenta con equipos altamente confiables como Consolas, Medidores Electr\u00f3nicos y Sondas marca Veeder-Root, unidades de medida calibradas con un patr\u00f3n certificado por una entidad acreditada ante la ONAC y una aplicaci\u00f3n desarrollada por INSEPET, que captura v\u00eda WIFI la informaci\u00f3n durante el proceso del aforo, almacenando la informaci\u00f3n en un servidor (Nube), manejando con un archivo encriptado, que garantiza la seguridad e integridad de los datos tomados, para la generaci\u00f3n de la Tabla de Aforos en forma milim\u00e9trica.<\/p><p>Nuestro servicio de Aforo Volum\u00e9trico de tanques cuenta con Certificado de Calidad del ICONTEC, as\u00ed mismo nuestros procedimientos y protocolos de seguridad aseguran los activos de nuestros clientes y a nuestros funcionarios en la ejecuci\u00f3n del servicio.<\/p><\/div><\/div>\n        <\/section>\t\t<\/div>\n\t\t\t\t<\/div>\n\t\t\t\t<div class=\"elementor-element elementor-element-c3df0f6 elementor-widget elementor-widget-spacer\" data-id=\"c3df0f6\" data-element_type=\"widget\" data-widget_type=\"spacer.default\">\n\t\t\t\t<div class=\"elementor-widget-container\">\n\t\t\t\t\t<div class=\"elementor-spacer\">\n\t\t\t<div class=\"elementor-spacer-inner\"><\/div>\n\t\t<\/div>\n\t\t\t\t<\/div>\n\t\t\t\t<\/div>\n\t\t\t\t\t\t<\/div>\n\t\t\t\t\t<\/div>\n\t\t<\/div>\n\t\t\t\t<div class=\"aux-parallax-section elementor-column elementor-col-50 elementor-top-column elementor-element elementor-element-953036f\" data-id=\"953036f\" data-element_type=\"column\">\n\t\t\t<div class=\"elementor-column-wrap elementor-element-populated\">\n\t\t\t\t\t\t\t<div class=\"elementor-widget-wrap\">\n\t\t\t\t\t\t<div class=\"elementor-element elementor-element-98276ba aux-appear-watch-animation aux-fade-in-left-1 elementor-widget elementor-widget-aux_image\" data-id=\"98276ba\" data-element_type=\"widget\" data-widget_type=\"aux_image.default\">\n\t\t\t\t<div class=\"elementor-widget-container\">\n\t\t\t<section class=\"widget-container aux-widget-image aux-alignnone aux-parent-aud8868a59\">\n    <div class=\"aux-media-hint-frame \">\n        <div class=\"aux-media-image \" >\n        \n            \n\n            \n            <img loading=\"lazy\" decoding=\"async\" width=\"500\" height=\"500\" src=\"http:\/\/167.86.127.34\/insepetNewPage\/wp-content\/uploads\/2023\/06\/11-500x500.jpeg\" class=\"aux-attachment aux-featured-image aux-attachment-id-692\" alt=\"11\" srcset=\"http:\/\/167.86.127.34\/insepetNewPage\/wp-content\/uploads\/2023\/06\/11-150x150.jpeg 150w,http:\/\/167.86.127.34\/insepetNewPage\/wp-content\/uploads\/2023\/06\/11-300x300.jpeg 300w,http:\/\/167.86.127.34\/insepetNewPage\/wp-content\/uploads\/2023\/06\/11-768x768.jpeg 768w,http:\/\/167.86.127.34\/insepetNewPage\/wp-content\/uploads\/2023\/06\/11-500x500.jpeg 500w\" data-ratio=\"1\" data-original-w=\"1024\" sizes=\"auto, (max-width:479px) 480px,(max-width:767px) 768px,(max-width:1023px) 1024px,500px\" \/>            \n                <\/div>\n    <\/div>\n\n<\/section><!-- widget-container -->\t\t<\/div>\n\t\t\t\t<\/div>\n\t\t\t\t\t\t<\/div>\n\t\t\t\t\t<\/div>\n\t\t<\/div>\n\t\t\t\t\t\t\t\t<\/div>\n\t\t\t\t\t<\/div>\n\t\t<\/section>\n\t\t\t\t<section data-particle_enable=\"false\" data-particle-mobile-disabled=\"false\" class=\"elementor-section elementor-top-section elementor-element elementor-element-a94c446 elementor-section-boxed elementor-section-height-default elementor-section-height-default\" data-id=\"a94c446\" data-element_type=\"section\">\n\t\t\t\t\t\t<div class=\"elementor-container elementor-column-gap-default\">\n\t\t\t\t\t\t\t<div class=\"elementor-row\">\n\t\t\t\t\t<div class=\"aux-parallax-section elementor-column elementor-col-100 elementor-top-column elementor-element elementor-element-9d5305d\" data-id=\"9d5305d\" data-element_type=\"column\">\n\t\t\t<div class=\"elementor-column-wrap elementor-element-populated\">\n\t\t\t\t\t\t\t<div class=\"elementor-widget-wrap\">\n\t\t\t\t\t\t<div class=\"elementor-element elementor-element-d70c788 elementor-widget elementor-widget-aux_modern_button\" data-id=\"d70c788\" data-element_type=\"widget\" data-widget_type=\"aux_modern_button.default\">\n\t\t\t\t<div class=\"elementor-widget-container\">\n\t\t\t    <div class=\"aux-modern-button-wrapper aux-modern-button-align-center\" >\n                    <a class=\"aux-modern-button aux-info aux-modern-button-md aux-modern-button-normal aux-modern-button-default aux-icon-\" href=\"http:\/\/167.86.127.34\/insepetNewPage\/wp-content\/uploads\/2023\/06\/Aforo_Ambiental.pdf\" target=\"_blank\">\n                <div class=\"aux-overlay\"><\/div>\n                                    <div class=\"aux-icon \">\n                                            <\/div>\n                                <div class=\"aux-text\">\n<span class=\"aux-text-before\">Portafolio<\/span>                <\/div>\n            <\/a>\n            \n    <\/div>\n\n    \t\t<\/div>\n\t\t\t\t<\/div>\n\t\t\t\t\t\t<\/div>\n\t\t\t\t\t<\/div>\n\t\t<\/div>\n\t\t\t\t\t\t\t\t<\/div>\n\t\t\t\t\t<\/div>\n\t\t<\/section>\n\t\t\t\t\t\t\t\t\t<\/div>\n\t\t\t<\/div>\n\t\t\t\t\t<\/div>\n\t\t","protected":false},"excerpt":{"rendered":"<p>Aforo Volum\u00e9trico de Tanques \u00bfPor qu\u00e9 es importante aforar un tanque? Durante m\u00e1s de 15 a\u00f1os el Grupo Empresarial Insepet ha realizado Aforos volum\u00e9tricos exitosos a m\u00e1s de 3.000 tanques alrededor de todo el pa\u00eds, siempre guardando los m\u00e1s altos est\u00e1ndares de calidad y confiabilidad. La exactitud de las dimensiones de un tanque es un [&hellip;]<\/p>\n","protected":false},"author":1,"featured_media":0,"parent":277,"menu_order":0,"comment_status":"closed","ping_status":"closed","template":"templates\/page-builder-content.php","meta":{"footnotes":""},"class_list":["post-685","page","type-page","status-publish","hentry"],"_links":{"self":[{"href":"http:\/\/167.86.127.34\/insepetNewPage\/index.php\/wp-json\/wp\/v2\/pages\/685","targetHints":{"allow":["GET"]}}],"collection":[{"href":"http:\/\/167.86.127.34\/insepetNewPage\/index.php\/wp-json\/wp\/v2\/pages"}],"about":[{"href":"http:\/\/167.86.127.34\/insepetNewPage\/index.php\/wp-json\/wp\/v2\/types\/page"}],"author":[{"embeddable":true,"href":"http:\/\/167.86.127.34\/insepetNewPage\/index.php\/wp-json\/wp\/v2\/users\/1"}],"replies":[{"embeddable":true,"href":"http:\/\/167.86.127.34\/insepetNewPage\/index.php\/wp-json\/wp\/v2\/comments?post=685"}],"version-history":[{"count":19,"href":"http:\/\/167.86.127.34\/insepetNewPage\/index.php\/wp-json\/wp\/v2\/pages\/685\/revisions"}],"predecessor-version":[{"id":709,"href":"http:\/\/167.86.127.34\/insepetNewPage\/index.php\/wp-json\/wp\/v2\/pages\/685\/revisions\/709"}],"up":[{"embeddable":true,"href":"http:\/\/167.86.127.34\/insepetNewPage\/index.php\/wp-json\/wp\/v2\/pages\/277"}],"wp:attachment":[{"href":"http:\/\/167.86.127.34\/insepetNewPage\/index.php\/wp-json\/wp\/v2\/media?parent=685"}],"curies":[{"name":"wp","href":"https:\/\/api.w.org\/{rel}","templated":true}]}}