{"id":70,"date":"2020-05-14T16:49:00","date_gmt":"2020-05-14T21:49:00","guid":{"rendered":"http:\/\/167.86.127.34\/insepetNewPage\/index.php\/about\/"},"modified":"2023-07-03T13:21:29","modified_gmt":"2023-07-03T18:21:29","slug":"nosotros","status":"publish","type":"page","link":"http:\/\/167.86.127.34\/insepetNewPage\/index.php\/nosotros\/","title":{"rendered":"Nosotros"},"content":{"rendered":"\t\t<div data-elementor-type=\"wp-page\" data-elementor-id=\"70\" class=\"elementor elementor-70\">\n\t\t\t\t\t\t<div class=\"elementor-inner\">\n\t\t\t\t<div class=\"elementor-section-wrap\">\n\t\t\t\t\t\t\t\t\t<section data-particle_enable=\"false\" data-particle-mobile-disabled=\"false\" class=\"elementor-section elementor-top-section elementor-element elementor-element-ab0f3c6 elementor-section-content-middle elementor-reverse-tablet elementor-reverse-mobile elementor-section-boxed elementor-section-height-default elementor-section-height-default\" data-id=\"ab0f3c6\" data-element_type=\"section\">\n\t\t\t\t\t\t<div class=\"elementor-container elementor-column-gap-no\">\n\t\t\t\t\t\t\t<div class=\"elementor-row\">\n\t\t\t\t\t<div class=\"aux-parallax-section elementor-column elementor-col-50 elementor-top-column elementor-element elementor-element-b0bbbba\" data-id=\"b0bbbba\" data-element_type=\"column\">\n\t\t\t<div class=\"elementor-column-wrap elementor-element-populated\">\n\t\t\t\t\t\t\t<div class=\"elementor-widget-wrap\">\n\t\t\t\t\t\t<div class=\"elementor-element elementor-element-5049a08 aux-appear-watch-animation aux-fade-in-left-1 elementor-widget elementor-widget-aux_image\" data-id=\"5049a08\" data-element_type=\"widget\" data-widget_type=\"aux_image.default\">\n\t\t\t\t<div class=\"elementor-widget-container\">\n\t\t\t<section class=\"widget-container aux-widget-image aux-alignnone aux-parent-au5a4a2013\">\n    <div class=\"aux-media-hint-frame \">\n        <div class=\"aux-media-image \" >\n        \n            \n\n            \n            <img loading=\"lazy\" decoding=\"async\" width=\"1000\" height=\"1000\" src=\"http:\/\/167.86.127.34\/insepetNewPage\/wp-content\/uploads\/2023\/05\/Imagen-Home-3.png\" class=\"aux-attachment aux-featured-image aux-attachment-id-217\" alt=\"Imagen-Home-3\" data-ratio=\"1\" data-original-w=\"1000\" \/>            \n                <\/div>\n    <\/div>\n\n<\/section><!-- widget-container -->\t\t<\/div>\n\t\t\t\t<\/div>\n\t\t\t\t\t\t<\/div>\n\t\t\t\t\t<\/div>\n\t\t<\/div>\n\t\t\t\t<div class=\"aux-parallax-section elementor-column elementor-col-50 elementor-top-column elementor-element elementor-element-a2f5ed7\" data-id=\"a2f5ed7\" data-element_type=\"column\">\n\t\t\t<div class=\"elementor-column-wrap elementor-element-populated\">\n\t\t\t\t\t\t\t<div class=\"elementor-widget-wrap\">\n\t\t\t\t\t\t<div class=\"elementor-element elementor-element-c236828 elementor-widget__width-auto elementor-widget elementor-widget-aux_simple_svg\" data-id=\"c236828\" data-element_type=\"widget\" data-widget_type=\"aux_simple_svg.default\">\n\t\t\t\t<div class=\"elementor-widget-container\">\n\t\t\t    <div class=\"aux-widget-container aux-simple-svg-container\">\n        <div class=\"aux-widget-container-inner\">\n            <div class=\"aux-the-svg\"><img decoding=\"async\" src=\"http:\/\/167.86.127.34\/insepetNewPage\/wp-content\/uploads\/2020\/05\/Subtraction-4.svg\" title=\"demo-attachment-228-Subtraction-4\" alt=\"demo-attachment-228-Subtraction-4\" loading=\"lazy\" \/><\/div>\n        <\/div>\n    <\/div>\n    \t\t<\/div>\n\t\t\t\t<\/div>\n\t\t\t\t<div class=\"elementor-element elementor-element-f318313 aux-appear-watch-animation aux-fade-in-up elementor-widget elementor-widget-aux_modern_heading\" data-id=\"f318313\" data-element_type=\"widget\" data-widget_type=\"aux_modern_heading.default\">\n\t\t\t\t<div class=\"elementor-widget-container\">\n\t\t\t<section class=\"aux-widget-modern-heading\">\n            <div class=\"aux-widget-inner\"><h2 class=\"aux-modern-heading-primary\">Nuestra Historia<\/h2><h3 class=\"aux-modern-heading-secondary\"><span class=\"aux-head-before\">M\u00e1s de 28 a\u00f1os siendo tu mejor opci\u00f3n<\/span><\/h3><div class=\"aux-modern-heading-divider\"><\/div><div class=\"aux-modern-heading-description\"><p>Respondiendo a las necesidades de tecnolog\u00eda en las Estaciones de Servicio (EDS), en 1995 surge INSEPET LTDA ahora INSEPET S.A.S como representante para Colombia de Gilbarco. Empresa dedicada desde 1865 a la fabricaci\u00f3n y comercializaci\u00f3n de surtidores de combustible, desarrollados con tecnolog\u00eda de punta y con los m\u00e1s altos est\u00e1ndares de calidad en sus componentes mec\u00e1nicos y electr\u00f3nicos.<\/p><p>Un a\u00f1o m\u00e1s tarde, entra a ser parte de INSEPET la firma Veeder Root, l\u00edderes mundiales en sistema de monitoreo electr\u00f3nico para estaciones de servicio. Empresa a la vanguardia en equipos y piezas con dise\u00f1os modulares que crecen de acuerdo con las necesidades de los clientes.<\/p><p>Confiados en la calidad y profesionalismo de los ingenieros colombianos, patrocinamos investigaciones que respondieran al desaf\u00edo de la innovaci\u00f3n, tecnolog\u00eda y modernizaci\u00f3n de las EDS, dando as\u00ed inicio al desarrollo de Software y Hardware para la administraci\u00f3n y el control autom\u00e1tico de las EDS, que respondieran a sus exigencias y les permita ponerse a la vanguardia de la tecnolog\u00eda a m\u00ednimos costos y obteniendo eficaces resultados; es as\u00ed como nace SISTEMAS INSEPET CIA LTDA.<\/p><\/div><\/div>\n        <\/section>\t\t<\/div>\n\t\t\t\t<\/div>\n\t\t\t\t<div class=\"elementor-element elementor-element-de1920e elementor-widget elementor-widget-spacer\" data-id=\"de1920e\" data-element_type=\"widget\" data-widget_type=\"spacer.default\">\n\t\t\t\t<div class=\"elementor-widget-container\">\n\t\t\t\t\t<div class=\"elementor-spacer\">\n\t\t\t<div class=\"elementor-spacer-inner\"><\/div>\n\t\t<\/div>\n\t\t\t\t<\/div>\n\t\t\t\t<\/div>\n\t\t\t\t\t\t<\/div>\n\t\t\t\t\t<\/div>\n\t\t<\/div>\n\t\t\t\t\t\t\t\t<\/div>\n\t\t\t\t\t<\/div>\n\t\t<\/section>\n\t\t\t\t<section data-particle_enable=\"false\" data-particle-mobile-disabled=\"false\" class=\"elementor-section elementor-top-section elementor-element elementor-element-684e577 elementor-section-content-middle elementor-section-boxed elementor-section-height-default elementor-section-height-default\" data-id=\"684e577\" data-element_type=\"section\">\n\t\t\t\t\t\t<div class=\"elementor-container elementor-column-gap-no\">\n\t\t\t\t\t\t\t<div class=\"elementor-row\">\n\t\t\t\t\t<div class=\"aux-parallax-section elementor-column elementor-col-50 elementor-top-column elementor-element elementor-element-2a1fa2d\" data-id=\"2a1fa2d\" data-element_type=\"column\">\n\t\t\t<div class=\"elementor-column-wrap elementor-element-populated\">\n\t\t\t\t\t\t\t<div class=\"elementor-widget-wrap\">\n\t\t\t\t\t\t<div class=\"elementor-element elementor-element-ef99f6e elementor-widget__width-auto aux-appear-watch-animation aux-scale-up elementor-widget elementor-widget-aux_simple_svg\" data-id=\"ef99f6e\" data-element_type=\"widget\" data-widget_type=\"aux_simple_svg.default\">\n\t\t\t\t<div class=\"elementor-widget-container\">\n\t\t\t    <div class=\"aux-widget-container aux-simple-svg-container\">\n        <div class=\"aux-widget-container-inner\">\n            <div class=\"aux-the-svg\"><img decoding=\"async\" src=\"http:\/\/167.86.127.34\/insepetNewPage\/wp-content\/uploads\/2020\/05\/Subtraction-3.svg\" title=\"demo-attachment-37-Subtraction-3\" alt=\"demo-attachment-37-Subtraction-3\" loading=\"lazy\" \/><\/div>\n        <\/div>\n    <\/div>\n    \t\t<\/div>\n\t\t\t\t<\/div>\n\t\t\t\t<div class=\"elementor-element elementor-element-e024f9c aux-appear-watch-animation aux-fade-in-up elementor-widget elementor-widget-aux_modern_heading\" data-id=\"e024f9c\" data-element_type=\"widget\" data-widget_type=\"aux_modern_heading.default\">\n\t\t\t\t<div class=\"elementor-widget-container\">\n\t\t\t<section class=\"aux-widget-modern-heading\">\n            <div class=\"aux-widget-inner\"><h2 class=\"aux-modern-heading-primary\">Somos Insepet<\/h2><h3 class=\"aux-modern-heading-secondary\"><span class=\"aux-head-before\">Damos el mejor cuidado a tu EDS<\/span><\/h3><div class=\"aux-modern-heading-divider\"><\/div><div class=\"aux-modern-heading-description\"><p>Nos complace brindar soluciones integrales, innovadoras y rentables para nuestros clientes, con los mas altos est\u00e1ndares de calidad, seguridad industrial, responsabilidad social y cuidado del Medio Ambiente.<\/p><\/div><\/div>\n        <\/section>\t\t<\/div>\n\t\t\t\t<\/div>\n\t\t\t\t<div class=\"elementor-element elementor-element-499beb2 elementor-widget elementor-widget-spacer\" data-id=\"499beb2\" data-element_type=\"widget\" data-widget_type=\"spacer.default\">\n\t\t\t\t<div class=\"elementor-widget-container\">\n\t\t\t\t\t<div class=\"elementor-spacer\">\n\t\t\t<div class=\"elementor-spacer-inner\"><\/div>\n\t\t<\/div>\n\t\t\t\t<\/div>\n\t\t\t\t<\/div>\n\t\t\t\t<section data-particle_enable=\"false\" data-particle-mobile-disabled=\"false\" class=\"elementor-section elementor-inner-section elementor-element elementor-element-20b1083 elementor-section-boxed elementor-section-height-default elementor-section-height-default\" data-id=\"20b1083\" data-element_type=\"section\">\n\t\t\t\t\t\t<div class=\"elementor-container elementor-column-gap-no\">\n\t\t\t\t\t\t\t<div class=\"elementor-row\">\n\t\t\t\t\t<div class=\"aux-parallax-section elementor-column elementor-col-50 elementor-inner-column elementor-element elementor-element-aaba188\" data-id=\"aaba188\" data-element_type=\"column\">\n\t\t\t<div class=\"elementor-column-wrap elementor-element-populated\">\n\t\t\t\t\t\t\t<div class=\"elementor-widget-wrap\">\n\t\t\t\t\t\t<div class=\"elementor-element elementor-element-bfd9873 aux-appear-watch-animation aux-fade-in-left-1 elementor-widget elementor-widget-aux_text\" data-id=\"bfd9873\" data-element_type=\"widget\" data-widget_type=\"aux_text.default\">\n\t\t\t\t<div class=\"elementor-widget-container\">\n\t\t\t<section class=\"widget-container aux-widget-text aux-parent-auddc29211\">        <div class=\"aux-widget-advanced-text aux-wrap-style-simple aux-ico-pos- aux-text-left aux-text-resp-center aux-text-color-dark aux-text-widget-bg-center  \" >\n        \n            \n            <div class=\"aux-text-inner aux-text-widget-content\">\n                                <h4 class=\"col-title\">Misi\u00f3n<\/h4>\n                                <div class=\"widget-content\">\n                                        <p style=\"text-align: left;\">Nuestra Misi\u00f3n es brindar soluciones integrales, innovadoras y rentables para nuestros Clientes, con los mas altos est\u00e1ndares de Calidad, Seguridad industrial, Responsabilidad social y Cuidado del Medio Ambiente.<\/p>                <\/div>\n                            <\/div>\n        <\/div>\n                    <div class=\"aux-text-widget-footer\">\n                <div class=\"aux-border-shape-none \">\n                                <\/div>\n            <\/div>\n        \n<\/section><!-- widget-container -->\t\t<\/div>\n\t\t\t\t<\/div>\n\t\t\t\t\t\t<\/div>\n\t\t\t\t\t<\/div>\n\t\t<\/div>\n\t\t\t\t<div class=\"aux-parallax-section elementor-column elementor-col-50 elementor-inner-column elementor-element elementor-element-8e05da0\" data-id=\"8e05da0\" data-element_type=\"column\">\n\t\t\t<div class=\"elementor-column-wrap elementor-element-populated\">\n\t\t\t\t\t\t\t<div class=\"elementor-widget-wrap\">\n\t\t\t\t\t\t<div class=\"elementor-element elementor-element-6bbcefc aux-appear-watch-animation aux-fade-in-left-1 elementor-widget elementor-widget-aux_text\" data-id=\"6bbcefc\" data-element_type=\"widget\" data-widget_type=\"aux_text.default\">\n\t\t\t\t<div class=\"elementor-widget-container\">\n\t\t\t<section class=\"widget-container aux-widget-text aux-parent-au15ebc7aa\">        <div class=\"aux-widget-advanced-text aux-wrap-style-simple aux-ico-pos- aux-text-left aux-text-resp-center aux-text-color-dark aux-text-widget-bg-center  \" >\n        \n            \n            <div class=\"aux-text-inner aux-text-widget-content\">\n                                <h4 class=\"col-title\">Visi\u00f3n<\/h4>\n                                <div class=\"widget-content\">\n                                        <p>Al 2025 el Grupo Empresarial INSEPET se consolidar\u00e1 como la compa\u00f1\u00eda l\u00edder en soluciones tecnol\u00f3gicas para EDS y a su vez incursionaremos en nuevos mercados con al menos tres nuevas l\u00edneas de negocio, con el mejor personal calificado y altos est\u00e1ndares de calidad.<\/p>                <\/div>\n                            <\/div>\n        <\/div>\n                    <div class=\"aux-text-widget-footer\">\n                <div class=\"aux-border-shape-none \">\n                                <\/div>\n            <\/div>\n        \n<\/section><!-- widget-container -->\t\t<\/div>\n\t\t\t\t<\/div>\n\t\t\t\t\t\t<\/div>\n\t\t\t\t\t<\/div>\n\t\t<\/div>\n\t\t\t\t\t\t\t\t<\/div>\n\t\t\t\t\t<\/div>\n\t\t<\/section>\n\t\t\t\t\t\t<\/div>\n\t\t\t\t\t<\/div>\n\t\t<\/div>\n\t\t\t\t<div class=\"aux-parallax-section elementor-column elementor-col-50 elementor-top-column elementor-element elementor-element-4836021\" data-id=\"4836021\" data-element_type=\"column\">\n\t\t\t<div class=\"elementor-column-wrap elementor-element-populated\">\n\t\t\t\t\t\t\t<div class=\"elementor-widget-wrap\">\n\t\t\t\t\t\t<div class=\"elementor-element elementor-element-259a848 aux-appear-watch-animation aux-fade-in-right-1 elementor-widget elementor-widget-aux_image\" data-id=\"259a848\" data-element_type=\"widget\" data-widget_type=\"aux_image.default\">\n\t\t\t\t<div class=\"elementor-widget-container\">\n\t\t\t<section class=\"widget-container aux-widget-image aux-alignnone aux-parent-au6cd71a3c\">\n    <div class=\"aux-media-hint-frame \">\n        <div class=\"aux-media-image \" >\n        \n            \n\n            \n            <img loading=\"lazy\" decoding=\"async\" width=\"1000\" height=\"1000\" src=\"http:\/\/167.86.127.34\/insepetNewPage\/wp-content\/uploads\/2023\/06\/Imagen-Home-0.png\" class=\"aux-attachment aux-featured-image aux-attachment-id-859\" alt=\"Imagen-Home-0\" data-ratio=\"1\" data-original-w=\"1000\" \/>            \n                <\/div>\n    <\/div>\n\n<\/section><!-- widget-container -->\t\t<\/div>\n\t\t\t\t<\/div>\n\t\t\t\t\t\t<\/div>\n\t\t\t\t\t<\/div>\n\t\t<\/div>\n\t\t\t\t\t\t\t\t<\/div>\n\t\t\t\t\t<\/div>\n\t\t<\/section>\n\t\t\t\t<section data-particle_enable=\"false\" data-particle-mobile-disabled=\"false\" class=\"elementor-section elementor-top-section elementor-element elementor-element-535ada2 team elementor-section-boxed elementor-section-height-default elementor-section-height-default\" data-id=\"535ada2\" data-element_type=\"section\">\n\t\t\t\t\t\t<div class=\"elementor-container elementor-column-gap-no\">\n\t\t\t\t\t\t\t<div class=\"elementor-row\">\n\t\t\t\t\t<div class=\"aux-parallax-section elementor-column elementor-col-100 elementor-top-column elementor-element elementor-element-c85f61f\" data-id=\"c85f61f\" data-element_type=\"column\">\n\t\t\t<div class=\"elementor-column-wrap elementor-element-populated\">\n\t\t\t\t\t\t\t<div class=\"elementor-widget-wrap\">\n\t\t\t\t\t\t<div class=\"elementor-element elementor-element-6990c7e aux-appear-watch-animation aux-scale-down elementor-widget elementor-widget-aux_modern_heading\" data-id=\"6990c7e\" data-element_type=\"widget\" data-widget_type=\"aux_modern_heading.default\">\n\t\t\t\t<div class=\"elementor-widget-container\">\n\t\t\t<section class=\"aux-widget-modern-heading\">\n            <div class=\"aux-widget-inner\"><h2 class=\"aux-modern-heading-primary\">Valores Corporativos<\/h2><h3 class=\"aux-modern-heading-secondary\"><span class=\"aux-head-before\">Hacemos m\u00e1s productiva tu estaci\u00f3n<\/span><\/h3><div class=\"aux-modern-heading-divider\"><\/div><\/div>\n        <\/section>\t\t<\/div>\n\t\t\t\t<\/div>\n\t\t\t\t\t\t<\/div>\n\t\t\t\t\t<\/div>\n\t\t<\/div>\n\t\t\t\t\t\t\t\t<\/div>\n\t\t\t\t\t<\/div>\n\t\t<\/section>\n\t\t\t\t<section data-particle_enable=\"false\" data-particle-mobile-disabled=\"false\" class=\"elementor-section elementor-top-section elementor-element elementor-element-aeafc19 elementor-section-boxed elementor-section-height-default elementor-section-height-default\" data-id=\"aeafc19\" data-element_type=\"section\">\n\t\t\t\t\t\t<div class=\"elementor-container elementor-column-gap-default\">\n\t\t\t\t\t\t\t<div class=\"elementor-row\">\n\t\t\t\t\t<div class=\"aux-parallax-section elementor-column elementor-col-100 elementor-top-column elementor-element elementor-element-6dfbb3c\" data-id=\"6dfbb3c\" data-element_type=\"column\">\n\t\t\t<div class=\"elementor-column-wrap elementor-element-populated\">\n\t\t\t\t\t\t\t<div class=\"elementor-widget-wrap\">\n\t\t\t\t\t\t<div class=\"elementor-element elementor-element-e9d3753 elementor-widget elementor-widget-ucaddon_step_process\" data-id=\"e9d3753\" data-element_type=\"widget\" data-widget_type=\"ucaddon_step_process.default\">\n\t\t\t\t<div class=\"elementor-widget-container\">\n\t\t\t<!-- start Step Process -->\n\t\t<link id='font-awesome-css' href='http:\/\/167.86.127.34\/insepetNewPage\/wp-content\/plugins\/unlimited-elements-for-elementor-premium\/assets_libraries\/font-awesome5\/css\/fontawesome-all.min.css' type='text\/css' rel='stylesheet' >\n\t\t<link id='font-awesome-4-shim-css' href='http:\/\/167.86.127.34\/insepetNewPage\/wp-content\/plugins\/unlimited-elements-for-elementor-premium\/assets_libraries\/font-awesome5\/css\/fontawesome-v4-shims.css' type='text\/css' rel='stylesheet' >\n\n\t\t\t<style type=\"text\/css\">\/* widget: Step Process *\/\n\n#uc_step_process_elementor_e9d3753\n{\n  display:flex;\n}\n\n#uc_step_process_elementor_e9d3753 .ue-link\n{\n  display:block;\n  position:absolute;\n  top:0px;\n  bottom:0px;\n  left:0px;\n  right:0px;\n}\n\n#uc_step_process_elementor_e9d3753 .ue-step-item\n{\n  flex:1;\n  display:flex;\n  flex-direction:column;\n  position:relative;\n}\n#uc_step_process_elementor_e9d3753 .ue-item-highlight\n{\n  display: flex;\n  align-items:center;\n  \n}\n\n#uc_step_process_elementor_e9d3753 .ue-step-item-gap\n{\n  flex-grow:0;\n  flex-shrink:0;\n}\n\n#uc_step_process_elementor_e9d3753 .ue-step-item-line\n{\n  height:2px;\n  flex-grow:1;\n}\n\n#uc_step_process_elementor_e9d3753 .ue-step-icon\n{\n  display:flex;\n  justify-content:center;\n  align-items:center;\n  flex-grow:0;\n  flex-shrink:0;\n  position:relative;\n  line-height:1em;\n  transition:0.3s;\n}\n\n#uc_step_process_elementor_e9d3753 .ue-icon svg\n{\n  height:1em;\n  width:1em;\n}\n\n#uc_step_process_elementor_e9d3753 .ue-step-label\n{\n  position:absolute;\n  left:0px;\n  top:0px;\n  display:flex;\n  justify-content:center;\n  align-items:center;\n}\n.ue-step-label\n{\n  font-size:9px;\n  line-height:1em;\n}\n\n#uc_step_process_elementor_e9d3753 .ue-step-item-content\n{\n}\n\n#uc_step_process_elementor_e9d3753 .ue-step-item:last-child .ue-step-item-line:last-child\n{\n  opacity:0;\n}\n\n#uc_step_process_elementor_e9d3753 .ue-step-item:first-child .ue-step-item-line:first-child\n{\n  opacity:0;\n}\n\n#uc_step_process_elementor_e9d3753 .ue-step-item-spacer\n{\n  flex-grow:0;\n  flex-shrink:0;\n  \n}\n\n#uc_step_process_elementor_e9d3753 .ue-graphic-image img\n{\n  \n}\n\n\n#uc_step_process_elementor_e9d3753.uc-remote-parent .ue-step-item\n{\n  cursor:pointer;\n}\n\n\n\n\n\n\n@media only screen and (max-width: 768px) {\n  #uc_step_process_elementor_e9d3753\n    {\n      flex-direction:column;\n    }\n  \n  #uc_step_process_elementor_e9d3753 .ue-step-item\n  {\n    flex-direction:row;\n  }\n  \n  #uc_step_process_elementor_e9d3753 .ue-item-highlight\n  {\n    flex-direction:column;\n  }\n  \n   #uc_step_process_elementor_e9d3753 .ue-step-item .ue-step-item-line:first-child\n    {\n      display:none;\n    }\n  \n\n    #uc_step_process_elementor_e9d3753  .ue-step-item-gap:nth-child(2)\n     {\n      display:none;    \n      }\n   #uc_step_process_elementor_e9d3753  .ue-step-item-line:first-child\n      {\n      display:none;    \n      }\n  \n    #uc_step_process_elementor_e9d3753  .ue-step-item-line\n      {\n        height:100%;\n        width:2px;\n      }\n}\n\n\n\n<\/style>\n\n\t\t\t<div id=\"uc_step_process_elementor_e9d3753\" class=\"uc-items-wrapper  \"  >\n <div class=\"ue-step-item ue-item elementor-repeater-item-8508320\">\n    <div class=\"ue-item-highlight\">\n      \n      <div class=\"ue-step-item-line\"><\/div>\n      <div class=\"ue-step-item-gap\"><\/div>\n      <div class=\"ue-step-icon \">\n                        <span class=\"ue-graphic-image\"><img decoding=\"async\" src=\"http:\/\/167.86.127.34\/insepetNewPage\/wp-content\/uploads\/2023\/07\/wired-lineal-155-bar-chart-arrow-decrease-to-growth-morph-1.gif\"><\/span>        \n        <div class=\"ue-step-label\"><\/div>      <\/div>\n      <div class=\"ue-step-item-gap\"><\/div>\n      <div class=\"ue-step-item-line\"><\/div>\n      \n    <\/div>\n    \n    <div class=\"ue-step-item-spacer\"><\/div>\n    \n    <div class=\"ue-step-item-content\">  \n       <div class=\"ue-step-item-content-title\">Rentabilidad<\/div>       <div class=\"ue-step-item-content-text\">Insepet hace m\u00e1s rentable su negocio (menos bloqueos, medida exacta, m\u00e1s tiempo al aire, retorno de inversi\u00f3n, servicio t\u00e9cnico directo, automatizaci\u00f3n de procesos, seguro del terreno, monitoreo ambiental).\n<\/div>    <\/div>\n  \n    <\/div>\n<div class=\"ue-step-item ue-item elementor-repeater-item-2a25f83\">\n    <div class=\"ue-item-highlight\">\n      \n      <div class=\"ue-step-item-line\"><\/div>\n      <div class=\"ue-step-item-gap\"><\/div>\n      <div class=\"ue-step-icon \">\n                        <span class=\"ue-graphic-image\"><img decoding=\"async\" src=\"http:\/\/167.86.127.34\/insepetNewPage\/wp-content\/uploads\/2023\/07\/wired-lineal-760-review.gif\"><\/span>        \n        <div class=\"ue-step-label\"><\/div>      <\/div>\n      <div class=\"ue-step-item-gap\"><\/div>\n      <div class=\"ue-step-item-line\"><\/div>\n      \n    <\/div>\n    \n    <div class=\"ue-step-item-spacer\"><\/div>\n    \n    <div class=\"ue-step-item-content\">  \n       <div class=\"ue-step-item-content-title\">Confianza<\/div>       <div class=\"ue-step-item-content-text\">Empresa con mayor trayectoria en el mercado. Respaldo de la marca Gilbarco y Veeder-Root. Proceso estructurado de formaci\u00f3n y capacitaci\u00f3n de personal t\u00e9cnico y asesor\u00eda comercial.<\/div>    <\/div>\n  \n    <\/div>\n<div class=\"ue-step-item ue-item elementor-repeater-item-138c277\">\n    <div class=\"ue-item-highlight\">\n      \n      <div class=\"ue-step-item-line\"><\/div>\n      <div class=\"ue-step-item-gap\"><\/div>\n      <div class=\"ue-step-icon \">\n                        <span class=\"ue-graphic-image\"><img decoding=\"async\" src=\"http:\/\/167.86.127.34\/insepetNewPage\/wp-content\/uploads\/2023\/07\/wired-lineal-645-people-handshake-transation.gif\"><\/span>        \n        <div class=\"ue-step-label\"><\/div>      <\/div>\n      <div class=\"ue-step-item-gap\"><\/div>\n      <div class=\"ue-step-item-line\"><\/div>\n      \n    <\/div>\n    \n    <div class=\"ue-step-item-spacer\"><\/div>\n    \n    <div class=\"ue-step-item-content\">  \n       <div class=\"ue-step-item-content-title\">Solidaridad \"Estar ah\u00ed\"<\/div>       <div class=\"ue-step-item-content-text\">Comprometidos con el crecimiento del sector de EDS. Relacionamiento. Distribuci\u00f3n de zonas, cubrimiento de soporte responsable y controlado. Servicio y acompa\u00f1amiento Postventa.<\/div>    <\/div>\n  \n    <\/div>\n\n<\/div>\n\t\t\t<!-- end Step Process -->\t\t<\/div>\n\t\t\t\t<\/div>\n\t\t\t\t\t\t<\/div>\n\t\t\t\t\t<\/div>\n\t\t<\/div>\n\t\t\t\t\t\t\t\t<\/div>\n\t\t\t\t\t<\/div>\n\t\t<\/section>\n\t\t\t\t\t\t\t\t\t<\/div>\n\t\t\t<\/div>\n\t\t\t\t\t<\/div>\n\t\t","protected":false},"excerpt":{"rendered":"<p>Nuestra Historia M\u00e1s de 28 a\u00f1os siendo tu mejor opci\u00f3n Respondiendo a las necesidades de tecnolog\u00eda en las Estaciones de Servicio (EDS), en 1995 surge INSEPET LTDA ahora INSEPET S.A.S como representante para Colombia de Gilbarco. Empresa dedicada desde 1865 a la fabricaci\u00f3n y comercializaci\u00f3n de surtidores de combustible, desarrollados con tecnolog\u00eda de punta y [&hellip;]<\/p>\n","protected":false},"author":1,"featured_media":0,"parent":0,"menu_order":0,"comment_status":"closed","ping_status":"closed","template":"templates\/page-builder-content.php","meta":{"footnotes":""},"class_list":["post-70","page","type-page","status-publish","hentry"],"_links":{"self":[{"href":"http:\/\/167.86.127.34\/insepetNewPage\/index.php\/wp-json\/wp\/v2\/pages\/70","targetHints":{"allow":["GET"]}}],"collection":[{"href":"http:\/\/167.86.127.34\/insepetNewPage\/index.php\/wp-json\/wp\/v2\/pages"}],"about":[{"href":"http:\/\/167.86.127.34\/insepetNewPage\/index.php\/wp-json\/wp\/v2\/types\/page"}],"author":[{"embeddable":true,"href":"http:\/\/167.86.127.34\/insepetNewPage\/index.php\/wp-json\/wp\/v2\/users\/1"}],"replies":[{"embeddable":true,"href":"http:\/\/167.86.127.34\/insepetNewPage\/index.php\/wp-json\/wp\/v2\/comments?post=70"}],"version-history":[{"count":28,"href":"http:\/\/167.86.127.34\/insepetNewPage\/index.php\/wp-json\/wp\/v2\/pages\/70\/revisions"}],"predecessor-version":[{"id":1173,"href":"http:\/\/167.86.127.34\/insepetNewPage\/index.php\/wp-json\/wp\/v2\/pages\/70\/revisions\/1173"}],"wp:attachment":[{"href":"http:\/\/167.86.127.34\/insepetNewPage\/index.php\/wp-json\/wp\/v2\/media?parent=70"}],"curies":[{"name":"wp","href":"https:\/\/api.w.org\/{rel}","templated":true}]}}