{"id":831,"date":"2023-06-19T18:32:06","date_gmt":"2023-06-19T23:32:06","guid":{"rendered":"http:\/\/167.86.127.34\/insepetNewPage\/?page_id=831"},"modified":"2023-06-19T18:42:34","modified_gmt":"2023-06-19T23:42:34","slug":"servicio-tecnico","status":"publish","type":"page","link":"http:\/\/167.86.127.34\/insepetNewPage\/index.php\/servicios\/servicio-tecnico\/","title":{"rendered":"Servicio T\u00e9cnico"},"content":{"rendered":"\t\t<div data-elementor-type=\"wp-page\" data-elementor-id=\"831\" class=\"elementor elementor-831\">\n\t\t\t\t\t\t<div class=\"elementor-inner\">\n\t\t\t\t<div class=\"elementor-section-wrap\">\n\t\t\t\t\t\t\t\t\t<section data-particle_enable=\"false\" data-particle-mobile-disabled=\"false\" class=\"elementor-section elementor-top-section elementor-element elementor-element-5117b0e elementor-section-content-middle elementor-reverse-tablet elementor-reverse-mobile elementor-section-boxed elementor-section-height-default elementor-section-height-default\" data-id=\"5117b0e\" data-element_type=\"section\">\n\t\t\t\t\t\t<div class=\"elementor-container elementor-column-gap-no\">\n\t\t\t\t\t\t\t<div class=\"elementor-row\">\n\t\t\t\t\t<div class=\"aux-parallax-section elementor-column elementor-col-50 elementor-top-column elementor-element elementor-element-84e8d35\" data-id=\"84e8d35\" data-element_type=\"column\">\n\t\t\t<div class=\"elementor-column-wrap elementor-element-populated\">\n\t\t\t\t\t\t\t<div class=\"elementor-widget-wrap\">\n\t\t\t\t\t\t<div class=\"elementor-element elementor-element-3dc79fd aux-appear-watch-animation aux-fade-in-left-1 elementor-widget elementor-widget-aux_image\" data-id=\"3dc79fd\" data-element_type=\"widget\" data-widget_type=\"aux_image.default\">\n\t\t\t\t<div class=\"elementor-widget-container\">\n\t\t\t<section class=\"widget-container aux-widget-image aux-alignnone aux-parent-auf7e4eb7a\">\n    <div class=\"aux-media-hint-frame \">\n        <div class=\"aux-media-image \" >\n        \n            \n\n            \n            <img loading=\"lazy\" decoding=\"async\" width=\"500\" height=\"500\" src=\"http:\/\/167.86.127.34\/insepetNewPage\/wp-content\/uploads\/2023\/06\/servicio-tecnico2-500x500.jpg\" class=\"aux-attachment aux-featured-image aux-attachment-id-835\" alt=\"servicio-tecnico2\" srcset=\"http:\/\/167.86.127.34\/insepetNewPage\/wp-content\/uploads\/2023\/06\/servicio-tecnico2-150x150.jpg 150w,http:\/\/167.86.127.34\/insepetNewPage\/wp-content\/uploads\/2023\/06\/servicio-tecnico2-300x300.jpg 300w,http:\/\/167.86.127.34\/insepetNewPage\/wp-content\/uploads\/2023\/06\/servicio-tecnico2-768x768.jpg 768w,http:\/\/167.86.127.34\/insepetNewPage\/wp-content\/uploads\/2023\/06\/servicio-tecnico2-1024x1024.jpg 1024w,http:\/\/167.86.127.34\/insepetNewPage\/wp-content\/uploads\/2023\/06\/servicio-tecnico2-500x500.jpg 500w\" data-ratio=\"1\" data-original-w=\"2000\" sizes=\"auto, (max-width:479px) 480px,(max-width:767px) 768px,(max-width:1023px) 1024px,500px\" \/>            \n                <\/div>\n    <\/div>\n\n<\/section><!-- widget-container -->\t\t<\/div>\n\t\t\t\t<\/div>\n\t\t\t\t\t\t<\/div>\n\t\t\t\t\t<\/div>\n\t\t<\/div>\n\t\t\t\t<div class=\"aux-parallax-section elementor-column elementor-col-50 elementor-top-column elementor-element elementor-element-7f77bb8\" data-id=\"7f77bb8\" data-element_type=\"column\">\n\t\t\t<div class=\"elementor-column-wrap elementor-element-populated\">\n\t\t\t\t\t\t\t<div class=\"elementor-widget-wrap\">\n\t\t\t\t\t\t<div class=\"elementor-element elementor-element-8209498 elementor-widget__width-auto elementor-widget elementor-widget-aux_simple_svg\" data-id=\"8209498\" data-element_type=\"widget\" data-widget_type=\"aux_simple_svg.default\">\n\t\t\t\t<div class=\"elementor-widget-container\">\n\t\t\t    <div class=\"aux-widget-container aux-simple-svg-container\">\n        <div class=\"aux-widget-container-inner\">\n            <div class=\"aux-the-svg\"><img decoding=\"async\" src=\"http:\/\/167.86.127.34\/insepetNewPage\/wp-content\/uploads\/2020\/05\/Subtraction-4.svg\" title=\"demo-attachment-228-Subtraction-4\" alt=\"demo-attachment-228-Subtraction-4\" loading=\"lazy\" \/><\/div>\n        <\/div>\n    <\/div>\n    \t\t<\/div>\n\t\t\t\t<\/div>\n\t\t\t\t<div class=\"elementor-element elementor-element-e82a662 aux-appear-watch-animation aux-fade-in-up elementor-widget elementor-widget-aux_modern_heading\" data-id=\"e82a662\" data-element_type=\"widget\" data-widget_type=\"aux_modern_heading.default\">\n\t\t\t\t<div class=\"elementor-widget-container\">\n\t\t\t<section class=\"aux-widget-modern-heading\">\n            <div class=\"aux-widget-inner\"><h2 class=\"aux-modern-heading-primary\">Servicio T\u00e9cnico<\/h2><h3 class=\"aux-modern-heading-secondary\"><span class=\"aux-head-before\">Contrato de Mantenimiento<\/span><\/h3><div class=\"aux-modern-heading-divider\"><\/div><div class=\"aux-modern-heading-description\"><p>Servicios Insepet conforma un grupo de trabajo, que pueda eficazmente cubrir tanto los mantenimientos preventivos, correctivos y las emergencias que sean necesarias para garantizar el correcto funcionamiento de los equipos y sistemas de control, con horarios que se ajusten seg\u00fan la disponibilidad y necesidad del cliente.<\/p><p>Nuestro servicio se basa en un objetivo: maximizar el tiempo de operaci\u00f3n de su Estaci\u00f3n de Servicio, de tal manera que este ahorro se traduzca en mayores ingresos en su negocio y menos gastos por reparaciones e incidentes, sin contar el tiempo que puede dejar de operar y por ende facturar.<\/p><\/div><\/div>\n        <\/section>\t\t<\/div>\n\t\t\t\t<\/div>\n\t\t\t\t<div class=\"elementor-element elementor-element-5254907 elementor-widget elementor-widget-spacer\" data-id=\"5254907\" data-element_type=\"widget\" data-widget_type=\"spacer.default\">\n\t\t\t\t<div class=\"elementor-widget-container\">\n\t\t\t\t\t<div class=\"elementor-spacer\">\n\t\t\t<div class=\"elementor-spacer-inner\"><\/div>\n\t\t<\/div>\n\t\t\t\t<\/div>\n\t\t\t\t<\/div>\n\t\t\t\t\t\t<\/div>\n\t\t\t\t\t<\/div>\n\t\t<\/div>\n\t\t\t\t\t\t\t\t<\/div>\n\t\t\t\t\t<\/div>\n\t\t<\/section>\n\t\t\t\t<section data-particle_enable=\"false\" data-particle-mobile-disabled=\"false\" class=\"elementor-section elementor-top-section elementor-element elementor-element-5b1f3c3 elementor-section-content-middle elementor-reverse-tablet elementor-reverse-mobile elementor-section-boxed elementor-section-height-default elementor-section-height-default\" data-id=\"5b1f3c3\" data-element_type=\"section\">\n\t\t\t\t\t\t<div class=\"elementor-container elementor-column-gap-no\">\n\t\t\t\t\t\t\t<div class=\"elementor-row\">\n\t\t\t\t\t<div class=\"aux-parallax-section elementor-column elementor-col-50 elementor-top-column elementor-element elementor-element-16ca335\" data-id=\"16ca335\" data-element_type=\"column\">\n\t\t\t<div class=\"elementor-column-wrap elementor-element-populated\">\n\t\t\t\t\t\t\t<div class=\"elementor-widget-wrap\">\n\t\t\t\t\t\t<div class=\"elementor-element elementor-element-8c21b21 aux-appear-watch-animation aux-fade-in-up elementor-widget elementor-widget-aux_modern_heading\" data-id=\"8c21b21\" data-element_type=\"widget\" data-widget_type=\"aux_modern_heading.default\">\n\t\t\t\t<div class=\"elementor-widget-container\">\n\t\t\t<section class=\"aux-widget-modern-heading\">\n            <div class=\"aux-widget-inner\"><h2 class=\"aux-modern-heading-primary\">Servicio T\u00e9cnico<\/h2><h3 class=\"aux-modern-heading-secondary\"><span class=\"aux-head-before\">Mantenimiento Preventivo<\/span><\/h3><div class=\"aux-modern-heading-divider\"><\/div><div class=\"aux-modern-heading-description\"><p>El programa de Mantenimiento preventivo desarrollado por SERVICIOS INSEPET ha sido catalogado por nuestra red de clientes VIP y los grandes operadores de combustible en Colombia como el mas eficiente en Colombia, pues cual diagnostica, supervisa y corrige los aspectos mas cr\u00edticos de su sistema de combustible.<\/p><p>Pronosticamos y Corregimos posibles fallas recurrentes en sus equipos con el fin de mantener la disponibilidad total en su estaci\u00f3n de servicio. El servicio de mantenimiento preventivo que le ofertamos, se ejecutara en cada estaci\u00f3n basada en una estricta documentaci\u00f3n del proceso y dando cumplimiento a la normatividad vigente en Colombia.<\/p><\/div><\/div>\n        <\/section>\t\t<\/div>\n\t\t\t\t<\/div>\n\t\t\t\t<div class=\"elementor-element elementor-element-0165463 elementor-widget elementor-widget-spacer\" data-id=\"0165463\" data-element_type=\"widget\" data-widget_type=\"spacer.default\">\n\t\t\t\t<div class=\"elementor-widget-container\">\n\t\t\t\t\t<div class=\"elementor-spacer\">\n\t\t\t<div class=\"elementor-spacer-inner\"><\/div>\n\t\t<\/div>\n\t\t\t\t<\/div>\n\t\t\t\t<\/div>\n\t\t\t\t\t\t<\/div>\n\t\t\t\t\t<\/div>\n\t\t<\/div>\n\t\t\t\t<div class=\"aux-parallax-section elementor-column elementor-col-50 elementor-top-column elementor-element elementor-element-7d018c6\" data-id=\"7d018c6\" data-element_type=\"column\">\n\t\t\t<div class=\"elementor-column-wrap elementor-element-populated\">\n\t\t\t\t\t\t\t<div class=\"elementor-widget-wrap\">\n\t\t\t\t\t\t<div class=\"elementor-element elementor-element-c468d9c aux-appear-watch-animation aux-fade-in-left-1 elementor-widget elementor-widget-aux_image\" data-id=\"c468d9c\" data-element_type=\"widget\" data-widget_type=\"aux_image.default\">\n\t\t\t\t<div class=\"elementor-widget-container\">\n\t\t\t<section class=\"widget-container aux-widget-image aux-alignnone aux-parent-au2e23291b\">\n    <div class=\"aux-media-hint-frame \">\n        <div class=\"aux-media-image \" >\n        \n            \n\n            \n            <img loading=\"lazy\" decoding=\"async\" width=\"500\" height=\"500\" src=\"http:\/\/167.86.127.34\/insepetNewPage\/wp-content\/uploads\/2023\/06\/Imagen1-500x500.jpg\" class=\"aux-attachment aux-featured-image aux-attachment-id-836\" alt=\"Imagen1\" srcset=\"http:\/\/167.86.127.34\/insepetNewPage\/wp-content\/uploads\/2023\/06\/Imagen1-150x150.jpg 150w,http:\/\/167.86.127.34\/insepetNewPage\/wp-content\/uploads\/2023\/06\/Imagen1-300x300.jpg 300w,http:\/\/167.86.127.34\/insepetNewPage\/wp-content\/uploads\/2023\/06\/Imagen1-500x500.jpg 500w\" data-ratio=\"1\" data-original-w=\"571\" sizes=\"auto, (max-width:479px) 480px,(max-width:767px) 768px,(max-width:1023px) 1024px,500px\" \/>            \n                <\/div>\n    <\/div>\n\n<\/section><!-- widget-container -->\t\t<\/div>\n\t\t\t\t<\/div>\n\t\t\t\t\t\t<\/div>\n\t\t\t\t\t<\/div>\n\t\t<\/div>\n\t\t\t\t\t\t\t\t<\/div>\n\t\t\t\t\t<\/div>\n\t\t<\/section>\n\t\t\t\t<section data-particle_enable=\"false\" data-particle-mobile-disabled=\"false\" class=\"elementor-section elementor-top-section elementor-element elementor-element-3abb895 elementor-section-content-middle elementor-reverse-tablet elementor-reverse-mobile elementor-section-boxed elementor-section-height-default elementor-section-height-default\" data-id=\"3abb895\" data-element_type=\"section\">\n\t\t\t\t\t\t<div class=\"elementor-container elementor-column-gap-no\">\n\t\t\t\t\t\t\t<div class=\"elementor-row\">\n\t\t\t\t\t<div class=\"aux-parallax-section elementor-column elementor-col-50 elementor-top-column elementor-element elementor-element-a9a0ef3\" data-id=\"a9a0ef3\" data-element_type=\"column\">\n\t\t\t<div class=\"elementor-column-wrap elementor-element-populated\">\n\t\t\t\t\t\t\t<div class=\"elementor-widget-wrap\">\n\t\t\t\t\t\t<div class=\"elementor-element elementor-element-5a7ceb9 aux-appear-watch-animation aux-fade-in-left-1 elementor-widget elementor-widget-aux_image\" data-id=\"5a7ceb9\" data-element_type=\"widget\" data-widget_type=\"aux_image.default\">\n\t\t\t\t<div class=\"elementor-widget-container\">\n\t\t\t<section class=\"widget-container aux-widget-image aux-alignnone aux-parent-auc610b301\">\n    <div class=\"aux-media-hint-frame \">\n        <div class=\"aux-media-image \" >\n        \n            \n\n            \n            <img loading=\"lazy\" decoding=\"async\" width=\"500\" height=\"500\" src=\"http:\/\/167.86.127.34\/insepetNewPage\/wp-content\/uploads\/2023\/06\/IMG_5731-scaled-500x500.jpg\" class=\"aux-attachment aux-featured-image aux-attachment-id-837\" alt=\"IMG_5731\" srcset=\"http:\/\/167.86.127.34\/insepetNewPage\/wp-content\/uploads\/2023\/06\/IMG_5731-scaled-150x150.jpg 150w,http:\/\/167.86.127.34\/insepetNewPage\/wp-content\/uploads\/2023\/06\/IMG_5731-scaled-300x300.jpg 300w,http:\/\/167.86.127.34\/insepetNewPage\/wp-content\/uploads\/2023\/06\/IMG_5731-scaled-768x768.jpg 768w,http:\/\/167.86.127.34\/insepetNewPage\/wp-content\/uploads\/2023\/06\/IMG_5731-scaled-1024x1024.jpg 1024w,http:\/\/167.86.127.34\/insepetNewPage\/wp-content\/uploads\/2023\/06\/IMG_5731-scaled-500x500.jpg 500w\" data-ratio=\"1\" data-original-w=\"2560\" sizes=\"auto, (max-width:479px) 480px,(max-width:767px) 768px,(max-width:1023px) 1024px,500px\" \/>            \n                <\/div>\n    <\/div>\n\n<\/section><!-- widget-container -->\t\t<\/div>\n\t\t\t\t<\/div>\n\t\t\t\t\t\t<\/div>\n\t\t\t\t\t<\/div>\n\t\t<\/div>\n\t\t\t\t<div class=\"aux-parallax-section elementor-column elementor-col-50 elementor-top-column elementor-element elementor-element-72d8310\" data-id=\"72d8310\" data-element_type=\"column\">\n\t\t\t<div class=\"elementor-column-wrap elementor-element-populated\">\n\t\t\t\t\t\t\t<div class=\"elementor-widget-wrap\">\n\t\t\t\t\t\t<div class=\"elementor-element elementor-element-97ab777 elementor-widget__width-auto elementor-widget elementor-widget-aux_simple_svg\" data-id=\"97ab777\" data-element_type=\"widget\" data-widget_type=\"aux_simple_svg.default\">\n\t\t\t\t<div class=\"elementor-widget-container\">\n\t\t\t    <div class=\"aux-widget-container aux-simple-svg-container\">\n        <div class=\"aux-widget-container-inner\">\n            <div class=\"aux-the-svg\"><img decoding=\"async\" src=\"http:\/\/167.86.127.34\/insepetNewPage\/wp-content\/uploads\/2020\/05\/Subtraction-4.svg\" title=\"demo-attachment-228-Subtraction-4\" alt=\"demo-attachment-228-Subtraction-4\" loading=\"lazy\" \/><\/div>\n        <\/div>\n    <\/div>\n    \t\t<\/div>\n\t\t\t\t<\/div>\n\t\t\t\t<div class=\"elementor-element elementor-element-2859ae3 aux-appear-watch-animation aux-fade-in-up elementor-widget elementor-widget-aux_modern_heading\" data-id=\"2859ae3\" data-element_type=\"widget\" data-widget_type=\"aux_modern_heading.default\">\n\t\t\t\t<div class=\"elementor-widget-container\">\n\t\t\t<section class=\"aux-widget-modern-heading\">\n            <div class=\"aux-widget-inner\"><h2 class=\"aux-modern-heading-primary\">Servicio T\u00e9cnico<\/h2><h3 class=\"aux-modern-heading-secondary\"><span class=\"aux-head-before\">Mantenimiento Correctivo<\/span><\/h3><div class=\"aux-modern-heading-divider\"><\/div><div class=\"aux-modern-heading-description\"><p>Contamos con el mejor y m\u00e1s calificado equipo humano para estaciones de servicio y soporte pertinente a trav\u00e9s de call center, con personal capacitado para atender sus requerimientos e identificar el problema realizando un diagn\u00f3stico que en muchos casos puede solucionar su problema de forma inmediata a trav\u00e9s de la asistencia remota. Cuando la aver\u00eda en su Estaci\u00f3n requiera la presencia f\u00edsica de uno de nuestros t\u00e9cnicos, esta ser\u00e1 clasificada y priorizada para programaci\u00f3n e inmediatamente se le asignara un t\u00e9cnico que ser\u00e1 quien realice el servicio en su estaci\u00f3n.<\/p><p>Para la prestaci\u00f3n del servicio, el t\u00e9cnico estar\u00e1 debidamente uniformado con los distintivos propios del grupo empresarial y equipado veh\u00edculo, herramienta y material de trabajo para la ejecuci\u00f3n de las tareas, de la misma forma manejara todos los procedimientos y documentaci\u00f3n de seguridad que se requiera de acuerdo a la labor que vaya a desempe\u00f1ar en la EDS.<\/p><\/div><\/div>\n        <\/section>\t\t<\/div>\n\t\t\t\t<\/div>\n\t\t\t\t<div class=\"elementor-element elementor-element-0959f3a elementor-widget elementor-widget-spacer\" data-id=\"0959f3a\" data-element_type=\"widget\" data-widget_type=\"spacer.default\">\n\t\t\t\t<div class=\"elementor-widget-container\">\n\t\t\t\t\t<div class=\"elementor-spacer\">\n\t\t\t<div class=\"elementor-spacer-inner\"><\/div>\n\t\t<\/div>\n\t\t\t\t<\/div>\n\t\t\t\t<\/div>\n\t\t\t\t\t\t<\/div>\n\t\t\t\t\t<\/div>\n\t\t<\/div>\n\t\t\t\t\t\t\t\t<\/div>\n\t\t\t\t\t<\/div>\n\t\t<\/section>\n\t\t\t\t\t\t\t\t\t<\/div>\n\t\t\t<\/div>\n\t\t\t\t\t<\/div>\n\t\t","protected":false},"excerpt":{"rendered":"<p>Servicio T\u00e9cnico Contrato de Mantenimiento Servicios Insepet conforma un grupo de trabajo, que pueda eficazmente cubrir tanto los mantenimientos preventivos, correctivos y las emergencias que sean necesarias para garantizar el correcto funcionamiento de los equipos y sistemas de control, con horarios que se ajusten seg\u00fan la disponibilidad y necesidad del cliente. Nuestro servicio se basa [&hellip;]<\/p>\n","protected":false},"author":1,"featured_media":0,"parent":277,"menu_order":0,"comment_status":"closed","ping_status":"closed","template":"templates\/page-builder-content.php","meta":{"footnotes":""},"class_list":["post-831","page","type-page","status-publish","hentry"],"_links":{"self":[{"href":"http:\/\/167.86.127.34\/insepetNewPage\/index.php\/wp-json\/wp\/v2\/pages\/831","targetHints":{"allow":["GET"]}}],"collection":[{"href":"http:\/\/167.86.127.34\/insepetNewPage\/index.php\/wp-json\/wp\/v2\/pages"}],"about":[{"href":"http:\/\/167.86.127.34\/insepetNewPage\/index.php\/wp-json\/wp\/v2\/types\/page"}],"author":[{"embeddable":true,"href":"http:\/\/167.86.127.34\/insepetNewPage\/index.php\/wp-json\/wp\/v2\/users\/1"}],"replies":[{"embeddable":true,"href":"http:\/\/167.86.127.34\/insepetNewPage\/index.php\/wp-json\/wp\/v2\/comments?post=831"}],"version-history":[{"count":7,"href":"http:\/\/167.86.127.34\/insepetNewPage\/index.php\/wp-json\/wp\/v2\/pages\/831\/revisions"}],"predecessor-version":[{"id":843,"href":"http:\/\/167.86.127.34\/insepetNewPage\/index.php\/wp-json\/wp\/v2\/pages\/831\/revisions\/843"}],"up":[{"embeddable":true,"href":"http:\/\/167.86.127.34\/insepetNewPage\/index.php\/wp-json\/wp\/v2\/pages\/277"}],"wp:attachment":[{"href":"http:\/\/167.86.127.34\/insepetNewPage\/index.php\/wp-json\/wp\/v2\/media?parent=831"}],"curies":[{"name":"wp","href":"https:\/\/api.w.org\/{rel}","templated":true}]}}